{"id":768,"date":"2024-12-05T03:53:31","date_gmt":"2024-12-05T03:53:31","guid":{"rendered":"https:\/\/demo.dnation.vn\/?page_id=768"},"modified":"2025-02-19T08:57:36","modified_gmt":"2025-02-19T08:57:36","slug":"perfect-syrup","status":"publish","type":"page","link":"https:\/\/demo.dnation.vn\/index.php\/perfect-syrup\/","title":{"rendered":"PERFECT SYRUP"},"content":{"rendered":"\t\t<div data-elementor-type=\"wp-page\" data-elementor-id=\"768\" class=\"elementor elementor-768\" data-elementor-settings=\"{&quot;element_pack_global_tooltip_width&quot;:{&quot;unit&quot;:&quot;px&quot;,&quot;size&quot;:&quot;&quot;,&quot;sizes&quot;:[]},&quot;element_pack_global_tooltip_width_tablet&quot;:{&quot;unit&quot;:&quot;px&quot;,&quot;size&quot;:&quot;&quot;,&quot;sizes&quot;:[]},&quot;element_pack_global_tooltip_width_mobile&quot;:{&quot;unit&quot;:&quot;px&quot;,&quot;size&quot;:&quot;&quot;,&quot;sizes&quot;:[]},&quot;element_pack_global_tooltip_padding&quot;:{&quot;unit&quot;:&quot;px&quot;,&quot;top&quot;:&quot;&quot;,&quot;right&quot;:&quot;&quot;,&quot;bottom&quot;:&quot;&quot;,&quot;left&quot;:&quot;&quot;,&quot;isLinked&quot;:true},&quot;element_pack_global_tooltip_padding_tablet&quot;:{&quot;unit&quot;:&quot;px&quot;,&quot;top&quot;:&quot;&quot;,&quot;right&quot;:&quot;&quot;,&quot;bottom&quot;:&quot;&quot;,&quot;left&quot;:&quot;&quot;,&quot;isLinked&quot;:true},&quot;element_pack_global_tooltip_padding_mobile&quot;:{&quot;unit&quot;:&quot;px&quot;,&quot;top&quot;:&quot;&quot;,&quot;right&quot;:&quot;&quot;,&quot;bottom&quot;:&quot;&quot;,&quot;left&quot;:&quot;&quot;,&quot;isLinked&quot;:true},&quot;element_pack_global_tooltip_border_radius&quot;:{&quot;unit&quot;:&quot;px&quot;,&quot;top&quot;:&quot;&quot;,&quot;right&quot;:&quot;&quot;,&quot;bottom&quot;:&quot;&quot;,&quot;left&quot;:&quot;&quot;,&quot;isLinked&quot;:true},&quot;element_pack_global_tooltip_border_radius_tablet&quot;:{&quot;unit&quot;:&quot;px&quot;,&quot;top&quot;:&quot;&quot;,&quot;right&quot;:&quot;&quot;,&quot;bottom&quot;:&quot;&quot;,&quot;left&quot;:&quot;&quot;,&quot;isLinked&quot;:true},&quot;element_pack_global_tooltip_border_radius_mobile&quot;:{&quot;unit&quot;:&quot;px&quot;,&quot;top&quot;:&quot;&quot;,&quot;right&quot;:&quot;&quot;,&quot;bottom&quot;:&quot;&quot;,&quot;left&quot;:&quot;&quot;,&quot;isLinked&quot;:true}}\" data-elementor-post-type=\"page\">\n\t\t\t\t<div class=\"elementor-element elementor-element-ae33b14 e-flex e-con-boxed magic-button-disabled-no e-con e-parent\" data-id=\"ae33b14\" data-element_type=\"container\">\n\t\t\t\t\t<div class=\"e-con-inner\">\n\t\t\t\t<div class=\"elementor-element elementor-element-d0a02ea elementor-widget elementor-widget-heading\" data-id=\"d0a02ea\" data-element_type=\"widget\" data-widget_type=\"heading.default\">\n\t\t\t\t<div class=\"elementor-widget-container\">\n\t\t\t\t\t<h2 class=\"elementor-heading-title elementor-size-default\">FOOD BEVERAGE SERVICE<\/h2>\t\t\t\t<\/div>\n\t\t\t\t<\/div>\n\t\t\t\t<div class=\"elementor-element elementor-element-9c330ac elementor-widget elementor-widget-bdt-tabs\" data-id=\"9c330ac\" data-element_type=\"widget\" data-widget_type=\"bdt-tabs.default\">\n\t\t\t\t<div class=\"elementor-widget-container\">\n\t\t\t\t\t        <div class=\"bdt-tabs-area\">\n\n            <div id=\"bdt-tabs-9c330ac-4567\" class=\"bdt-tabs  bdt-tabs-default\" data-settings=\"{&quot;id&quot;:&quot;bdt-tabs-9c330ac-4567&quot;,&quot;hashTopOffset&quot;:70,&quot;hashScrollspyTime&quot;:1500,&quot;navStickyOffset&quot;:1,&quot;linkWidgetId&quot;:&quot;9c330ac-4567&quot;}\">\n                        <div class=\"bdt-tab-wrapper bdt-flex bdt-flex-center\">\n            <div >\n                <div class=\"bdt-tab bdt-tab-default  bdt-flex bdt-flex-center\" data-bdt-tab=\"connect: #bdt-tab-content-9c330ac-4567;\" data-bdt-height-match=\"target: &gt; .bdt-tabs-item &gt; .bdt-tabs-item-title; row: false;\">\n                                            <div class=\"bdt-tabs-item\">\n                            <a data-title=\"Syrup\" class=\"bdt-tabs-item-title\" id=\"bdt-tab-Syrup\" data-tab-index=\"0\" href=\"#\">\n                                <div class=\"bdt-tab-text-wrapper bdt-flex-column\">\n\n                                    <div class=\"bdt-tab-title-icon-wrapper\">\n\n                                        \n                                                                                    <span class=\"bdt-tab-text\">\n                                                Syrup                                            <\/span>\n                                        \n                                        \n                                    <\/div>\n\n                                    \n                                <\/div>\n                            <\/a>\n                        <\/div>\n                                            <div class=\"bdt-tabs-item\">\n                            <a data-title=\"C\u00e0-ph\u00ea-h\u00f2a-tan\" class=\"bdt-tabs-item-title\" id=\"bdt-tab-C\u00e0-ph\u00ea-h\u00f2a-tan\" data-tab-index=\"1\" href=\"#\">\n                                <div class=\"bdt-tab-text-wrapper bdt-flex-column\">\n\n                                    <div class=\"bdt-tab-title-icon-wrapper\">\n\n                                        \n                                                                                    <span class=\"bdt-tab-text\">\n                                                C\u00e0 ph\u00ea h\u00f2a tan                                            <\/span>\n                                        \n                                        \n                                    <\/div>\n\n                                    \n                                <\/div>\n                            <\/a>\n                        <\/div>\n                                            <div class=\"bdt-tabs-item\">\n                            <a data-title=\"Tr\u00e0-s\u1eefa-h\u00f2a-tan\" class=\"bdt-tabs-item-title\" id=\"bdt-tab-Tr\u00e0-s\u1eefa-h\u00f2a-tan\" data-tab-index=\"2\" href=\"#\">\n                                <div class=\"bdt-tab-text-wrapper bdt-flex-column\">\n\n                                    <div class=\"bdt-tab-title-icon-wrapper\">\n\n                                        \n                                                                                    <span class=\"bdt-tab-text\">\n                                                Tr\u00e0 s\u1eefa h\u00f2a tan                                            <\/span>\n                                        \n                                        \n                                    <\/div>\n\n                                    \n                                <\/div>\n                            <\/a>\n                        <\/div>\n                                    <\/div>\n            <\/div>\n        <\/div>\n\n        <div class=\"bdt-switcher-wrapper\">\n            <div id=\"bdt-tab-content-9c330ac-4567\" class=\"bdt-switcher bdt-switcher-item-content\">\n                                                        <div class=\"bdt-tab-content-item \" \n                    data-content-id=\"syrup\">\n                        <div>\n                            <p>I am tab #1 content. Click edit button to change this text. One morning, when Gregor Samsa woke from troubled dreams, he found himself transformed in his bed into a horrible vermin.<\/p>                        <\/div>\n                    <\/div>\n                                                        <div class=\"bdt-tab-content-item \" \n                    data-content-id=\"c-ph-h-a-tan\">\n                        <div>\n                            <p>I am tab #2 content. Click edit button to change this text. A collection of textile samples lay spread out on the table &#8211; Samsa was a travelling salesman.<\/p>                        <\/div>\n                    <\/div>\n                                                        <div class=\"bdt-tab-content-item \" \n                    data-content-id=\"tr-s-a-h-a-tan\">\n                        <div>\n                            <p>I am tab #3 content. Click edit button to change this text. Drops of rain could be heard hitting the pane, which made him feel quite sad. How about if I sleep a little bit longer and forget all this nonsense.<\/p>                        <\/div>\n                    <\/div>\n                            <\/div>\n        <\/div>\n                    <a href=\"#\" id=\"bottom-anchor-9c330ac-4567\" data-bdt-hidden><\/a>\n            <\/div>\n        <\/div>\n    \t\t\t\t<\/div>\n\t\t\t\t<\/div>\n\t\t\t\t\t<\/div>\n\t\t\t\t<\/div>\n\t\t<div class=\"elementor-element elementor-element-fcb3bfc e-flex e-con-boxed magic-button-disabled-no e-con e-parent\" data-id=\"fcb3bfc\" data-element_type=\"container\">\n\t\t\t\t\t<div class=\"e-con-inner\">\n\t\t\t\t<div class=\"elementor-element elementor-element-bf25cac elementor-widget elementor-widget-heading\" data-id=\"bf25cac\" data-element_type=\"widget\" data-widget_type=\"heading.default\">\n\t\t\t\t<div class=\"elementor-widget-container\">\n\t\t\t\t\t<h2 class=\"elementor-heading-title elementor-size-default\">\"<br>\nH\u01b0\u01a1ng v\u1ecb ho\u00e0n h\u1ea3o cho nh\u1eefng kho\u1ea3nh kh\u1eafc<br>\n\u0111\u00e1ng nh\u1edb c\u1ee7a b\u1ea1n<br>\n<\/h2>\t\t\t\t<\/div>\n\t\t\t\t<\/div>\n\t\t\t\t<div class=\"elementor-element elementor-element-2a3c63b elementor-widget elementor-widget-heading\" data-id=\"2a3c63b\" data-element_type=\"widget\" data-widget_type=\"heading.default\">\n\t\t\t\t<div class=\"elementor-widget-container\">\n\t\t\t\t\t<h6 class=\"elementor-heading-title elementor-size-default\">PERFECT SYRUP<\/h6>\t\t\t\t<\/div>\n\t\t\t\t<\/div>\n\t\t\t\t\t<\/div>\n\t\t\t\t<\/div>\n\t\t<div class=\"elementor-element elementor-element-8f38d57 e-grid e-con-full magic-button-disabled-no e-con e-parent\" data-id=\"8f38d57\" data-element_type=\"container\">\n\t\t\t\t<div class=\"elementor-element elementor-element-4c252c2 elementor-widget elementor-widget-image\" data-id=\"4c252c2\" data-element_type=\"widget\" data-widget_type=\"image.default\">\n\t\t\t\t<div class=\"elementor-widget-container\">\n\t\t\t\t\t\t\t\t\t\t\t\t\t\t\t<img fetchpriority=\"high\" decoding=\"async\" width=\"930\" height=\"488\" src=\"https:\/\/demo.dnation.vn\/wp-content\/uploads\/2025\/02\/thi-truong-ca-phe-viet-nam-va-the-gioi-bien-dong.webp\" class=\"attachment-large size-large wp-image-873\" alt=\"\" srcset=\"https:\/\/demo.dnation.vn\/wp-content\/uploads\/2025\/02\/thi-truong-ca-phe-viet-nam-va-the-gioi-bien-dong.webp 930w, https:\/\/demo.dnation.vn\/wp-content\/uploads\/2025\/02\/thi-truong-ca-phe-viet-nam-va-the-gioi-bien-dong-500x262.webp 500w, https:\/\/demo.dnation.vn\/wp-content\/uploads\/2025\/02\/thi-truong-ca-phe-viet-nam-va-the-gioi-bien-dong-300x157.webp 300w, https:\/\/demo.dnation.vn\/wp-content\/uploads\/2025\/02\/thi-truong-ca-phe-viet-nam-va-the-gioi-bien-dong-768x403.webp 768w, https:\/\/demo.dnation.vn\/wp-content\/uploads\/2025\/02\/thi-truong-ca-phe-viet-nam-va-the-gioi-bien-dong-143x75.webp 143w, https:\/\/demo.dnation.vn\/wp-content\/uploads\/2025\/02\/thi-truong-ca-phe-viet-nam-va-the-gioi-bien-dong-480x252.webp 480w\" sizes=\"(max-width:767px) 480px, (max-width:930px) 100vw, 930px\" \/>\t\t\t\t\t\t\t\t\t\t\t\t\t\t\t<\/div>\n\t\t\t\t<\/div>\n\t\t<div class=\"elementor-element elementor-element-2760427 e-flex e-con-boxed magic-button-disabled-no e-con e-child\" data-id=\"2760427\" data-element_type=\"container\">\n\t\t\t\t\t<div class=\"e-con-inner\">\n\t\t\t\t<div class=\"elementor-element elementor-element-2538c79 elementor-position-left bdt-icon-type-icon elementor-vertical-align-top bdt-icon-effect-none elementor-widget elementor-widget-bdt-advanced-icon-box\" data-id=\"2538c79\" data-element_type=\"widget\" data-widget_type=\"bdt-advanced-icon-box.default\">\n\t\t\t\t<div class=\"elementor-widget-container\">\n\t\t\t\t\t\t\t<div class=\"bdt-ep-advanced-icon-box\">\n\n\t\t\t\t\t\t\t\n\t\t\n\t\t\t\t\n\t\t\t<div class=\"bdt-ep-advanced-icon-box-content\">\n\n\t\t\t\t\t\t\t\t\t\n\t\t\t\t\t<h3 class=\"bdt-ep-advanced-icon-box-title ep-title-\">\n\t\t\t\t<span >\n\t\t\t\t\tCh\u00fang t\u00f4i t\u1ea1o ra ch\u01b0\u01a1ng tr\u00ecnh th\u00fac \u0111\u1ea9y v\u00e0 duy tr\u00ec\t\t\t\t<\/span>\n\t\t\t<\/h3>\n\t\t\n\n\t\t\n\t\t\t\t\t\n\t\t\t\t\n\t\t\t\t\t\t\t\t\t<div class=\"bdt-ep-advanced-icon-box-description\">\n\t\t\t\t\t\t<p class=\"p1\">S\u1ef1 ph\u00e1t tri\u1ec3n <br \/>b\u1ec1n v\u1eefng<\/p>\t\t\t\t\t<\/div>\n\t\t\t\t\n\t\t\t\t\t\t\t\t\t<a class=\"bdt-ep-advanced-icon-box-readmore bdt-display-inline-block\" href=\"#\">\n\t\t\t\t\t\tT\u00ccM HI\u1ec2U TH\u00caM\n\t\t\t\t\t\t\t\t\t\t\t<\/a>\n\t\t\t\t\t\t\t<\/div>\n\t\t<\/div>\n\n\t\t\n\t\t\n\t\t\t\t<\/div>\n\t\t\t\t<\/div>\n\t\t\t\t\t<\/div>\n\t\t\t\t<\/div>\n\t\t\t\t<\/div>\n\t\t<div class=\"elementor-element elementor-element-954b7fc e-flex e-con-boxed magic-button-disabled-no e-con e-parent\" data-id=\"954b7fc\" data-element_type=\"container\">\n\t\t\t\t\t<div class=\"e-con-inner\">\n\t\t<div class=\"elementor-element elementor-element-90cefbe e-grid e-con-full magic-button-disabled-no e-con e-child\" data-id=\"90cefbe\" data-element_type=\"container\">\n\t\t\t\t<div class=\"elementor-element elementor-element-8c147fe elementor-widget elementor-widget-heading\" data-id=\"8c147fe\" data-element_type=\"widget\" data-widget_type=\"heading.default\">\n\t\t\t\t<div class=\"elementor-widget-container\">\n\t\t\t\t\t<h2 class=\"elementor-heading-title elementor-size-default\">Kh\u00e1m ph\u00e1\nc\u00e1c c\u00f4ng\nth\u1ee9c pha\nch\u1ebf<\/h2>\t\t\t\t<\/div>\n\t\t\t\t<\/div>\n\t\t\t\t<div class=\"elementor-element elementor-element-bc3ffaa elementor-position-top elementor-widget elementor-widget-image-box\" data-id=\"bc3ffaa\" data-element_type=\"widget\" data-widget_type=\"image-box.default\">\n\t\t\t\t<div class=\"elementor-widget-container\">\n\t\t\t\t\t<div class=\"elementor-image-box-wrapper\"><figure class=\"elementor-image-box-img\"><img decoding=\"async\" width=\"480\" height=\"654\" src=\"https:\/\/demo.dnation.vn\/wp-content\/uploads\/2025\/02\/1ly.svg\" class=\"attachment-full size-full wp-image-878\" alt=\"\" \/><\/figure><div class=\"elementor-image-box-content\"><h3 class=\"elementor-image-box-title\">Matcha Mojito<\/h3><\/div><\/div>\t\t\t\t<\/div>\n\t\t\t\t<\/div>\n\t\t\t\t<div class=\"elementor-element elementor-element-aa4b73e elementor-position-top elementor-widget elementor-widget-image-box\" data-id=\"aa4b73e\" data-element_type=\"widget\" data-widget_type=\"image-box.default\">\n\t\t\t\t<div class=\"elementor-widget-container\">\n\t\t\t\t\t<div class=\"elementor-image-box-wrapper\"><figure class=\"elementor-image-box-img\"><img decoding=\"async\" width=\"480\" height=\"654\" src=\"https:\/\/demo.dnation.vn\/wp-content\/uploads\/2025\/02\/2ly.svg\" class=\"attachment-full size-full wp-image-879\" alt=\"\" \/><\/figure><div class=\"elementor-image-box-content\"><h3 class=\"elementor-image-box-title\">Matcha \u0110\u00e1 Xay<\/h3><\/div><\/div>\t\t\t\t<\/div>\n\t\t\t\t<\/div>\n\t\t\t\t<div class=\"elementor-element elementor-element-b928137 elementor-position-top elementor-widget elementor-widget-image-box\" data-id=\"b928137\" data-element_type=\"widget\" data-widget_type=\"image-box.default\">\n\t\t\t\t<div class=\"elementor-widget-container\">\n\t\t\t\t\t<div class=\"elementor-image-box-wrapper\"><figure class=\"elementor-image-box-img\"><img loading=\"lazy\" decoding=\"async\" width=\"480\" height=\"654\" src=\"https:\/\/demo.dnation.vn\/wp-content\/uploads\/2025\/02\/3ly.svg\" class=\"attachment-full size-full wp-image-880\" alt=\"\" \/><\/figure><div class=\"elementor-image-box-content\"><h3 class=\"elementor-image-box-title\">Matcha Milkshake<\/h3><\/div><\/div>\t\t\t\t<\/div>\n\t\t\t\t<\/div>\n\t\t\t\t<\/div>\n\t\t\t\t\t<\/div>\n\t\t\t\t<\/div>\n\t\t<div class=\"elementor-element elementor-element-89f80a3 e-flex e-con-boxed magic-button-disabled-no e-con e-parent\" data-id=\"89f80a3\" data-element_type=\"container\">\n\t\t\t\t\t<div class=\"e-con-inner\">\n\t\t<div class=\"elementor-element elementor-element-6504555 e-con-full e-flex magic-button-disabled-no e-con e-child\" data-id=\"6504555\" data-element_type=\"container\">\n\t\t\t\t<div class=\"elementor-element elementor-element-b3cdebc elementor-widget elementor-widget-image\" data-id=\"b3cdebc\" data-element_type=\"widget\" data-widget_type=\"image.default\">\n\t\t\t\t<div class=\"elementor-widget-container\">\n\t\t\t\t\t\t\t\t\t\t\t\t\t\t\t<img loading=\"lazy\" decoding=\"async\" width=\"480\" height=\"654\" src=\"https:\/\/demo.dnation.vn\/wp-content\/uploads\/2025\/02\/3ly.svg\" class=\"attachment-large size-large wp-image-880\" alt=\"\" \/>\t\t\t\t\t\t\t\t\t\t\t\t\t\t\t<\/div>\n\t\t\t\t<\/div>\n\t\t\t\t<\/div>\n\t\t<div class=\"elementor-element elementor-element-0927312 e-con-full e-flex magic-button-disabled-no e-con e-child\" data-id=\"0927312\" data-element_type=\"container\">\n\t\t\t\t<div class=\"elementor-element elementor-element-581342a elementor-widget elementor-widget-heading\" data-id=\"581342a\" data-element_type=\"widget\" data-widget_type=\"heading.default\">\n\t\t\t\t<div class=\"elementor-widget-container\">\n\t\t\t\t\t<h2 class=\"elementor-heading-title elementor-size-default\">Matcha \u0110\u00e1 Xay<\/h2>\t\t\t\t<\/div>\n\t\t\t\t<\/div>\n\t\t\t\t<div class=\"elementor-element elementor-element-41db037 elementor-widget elementor-widget-text-editor\" data-id=\"41db037\" data-element_type=\"widget\" data-widget_type=\"text-editor.default\">\n\t\t\t\t<div class=\"elementor-widget-container\">\n\t\t\t\t\t\t\t\t\t<h6 class=\"p1\"><strong>Th\u00e0nh ph\u1ea7n<\/strong><\/h6><ul><li class=\"p1\">11\/2 oz. r\u01b0\u1ee3u tequila b\u1ea1c<\/li><li class=\"p2\"><span class=\"s1\">1 oz. <\/span>Siro hoa o\u1ea3i h\u01b0\u01a1ng Monin<\/li><li class=\"p2\"><span class=\"s1\">2 l\u1ea7n b\u01a1m <\/span>Monin H\u01b0\u01a1ng v\u1ecb vi\u1ec7t qu\u1ea5t c\u00f4 \u0111\u1eb7c<\/li><li class=\"p1\">11\/2 oz. n\u01b0\u1edbc c\u1ed1t chanh t\u01b0\u01a1i<\/li><\/ul><h5 class=\"p1\"><strong>K\u00ednh: Double Old Fashioned<\/strong><\/h5><h5 class=\"p1\"><strong>K\u00edch th\u01b0\u1edbc ly: 14 OZ.<\/strong><\/h5><h5 class=\"p1\"><strong>Trang tr\u00ed: Qu\u1ea3 vi\u1ec7t qu\u1ea5t, Mu\u1ed1i vi\u1ec1n, L\u00e1t chanh<\/strong><\/h5>\t\t\t\t\t\t\t\t<\/div>\n\t\t\t\t<\/div>\n\t\t<div class=\"elementor-element elementor-element-9cd4d87 e-grid e-con-full magic-button-disabled-no e-con e-child\" data-id=\"9cd4d87\" data-element_type=\"container\">\n\t\t\t\t<div class=\"elementor-element elementor-element-eeded50 elementor-align-center elementor-widget elementor-widget-button\" data-id=\"eeded50\" data-element_type=\"widget\" data-widget_type=\"button.default\">\n\t\t\t\t<div class=\"elementor-widget-container\">\n\t\t\t\t\t\t\t\t\t<div class=\"elementor-button-wrapper\">\n\t\t\t\t\t<a class=\"elementor-button elementor-button-link elementor-size-sm\" href=\"#\">\n\t\t\t\t\t\t<span class=\"elementor-button-content-wrapper\">\n\t\t\t\t\t\t\t\t\t<span class=\"elementor-button-text\">MUA S\u1eaeM H\u01af\u01a0NG V\u1eca <\/span>\n\t\t\t\t\t<\/span>\n\t\t\t\t\t<\/a>\n\t\t\t\t<\/div>\n\t\t\t\t\t\t\t\t<\/div>\n\t\t\t\t<\/div>\n\t\t\t\t<div class=\"elementor-element elementor-element-c79d9e2 elementor-align-center elementor-widget elementor-widget-button\" data-id=\"c79d9e2\" data-element_type=\"widget\" data-widget_type=\"button.default\">\n\t\t\t\t<div class=\"elementor-widget-container\">\n\t\t\t\t\t\t\t\t\t<div class=\"elementor-button-wrapper\">\n\t\t\t\t\t<a class=\"elementor-button elementor-button-link elementor-size-sm\" href=\"#\">\n\t\t\t\t\t\t<span class=\"elementor-button-content-wrapper\">\n\t\t\t\t\t\t\t\t\t<span class=\"elementor-button-text\">IN\/L\u01afU C\u00d4NG TH\u1ee8C<\/span>\n\t\t\t\t\t<\/span>\n\t\t\t\t\t<\/a>\n\t\t\t\t<\/div>\n\t\t\t\t\t\t\t\t<\/div>\n\t\t\t\t<\/div>\n\t\t\t\t<\/div>\n\t\t\t\t<div class=\"elementor-element elementor-element-8af6413 elementor-widget elementor-widget-text-editor\" data-id=\"8af6413\" data-element_type=\"widget\" data-widget_type=\"text-editor.default\">\n\t\t\t\t<div class=\"elementor-widget-container\">\n\t\t\t\t\t\t\t\t\t<p class=\"p1\"><strong>H\u01b0\u1edbng d\u1eabn<\/strong><\/p><ol><li class=\"p1\">\u0110\u1ed5 \u0111\u1ea7y \u0111\u00e1 v\u00e0o ly<\/li><li class=\"p1\">\u0110\u1ed5 c\u00e1c nguy\u00ean li\u1ec7u v\u00e0o ly tr\u1ed9n c\u00f9ng 2\/3 \u0111\u00e1 theo<\/li><li class=\"p1\">th\u1ee9 t\u1ef1 \u0111\u00e3 li\u1ec7t k\u00ea<\/li><li class=\"p1\">\u0110\u1eadp n\u1eafp, l\u1eafc \u0111\u1ec1u v\u00e0 \u0111\u1ed5 v\u00e0o ly th\u1ee7y tinh c\u00f3 \u0111\u00e1<\/li><li class=\"p1\">Th\u00eam \u0111\u1ed3 trang tr\u00ed v\u00e0 d\u00f9ng<\/li><\/ol>\t\t\t\t\t\t\t\t<\/div>\n\t\t\t\t<\/div>\n\t\t<div class=\"elementor-element elementor-element-e073a41 e-grid e-con-full magic-button-disabled-no e-con e-child\" data-id=\"e073a41\" data-element_type=\"container\">\n\t\t\t\t<div class=\"elementor-element elementor-element-c81a25b elementor-shape-rounded elementor-grid-0 e-grid-align-center elementor-widget elementor-widget-social-icons\" data-id=\"c81a25b\" data-element_type=\"widget\" data-widget_type=\"social-icons.default\">\n\t\t\t\t<div class=\"elementor-widget-container\">\n\t\t\t\t\t\t\t<div class=\"elementor-social-icons-wrapper elementor-grid\" role=\"list\">\n\t\t\t\t\t\t\t<span class=\"elementor-grid-item\" role=\"listitem\">\n\t\t\t\t\t<a class=\"elementor-icon elementor-social-icon elementor-social-icon-facebook elementor-repeater-item-1df6276\" target=\"_blank\">\n\t\t\t\t\t\t<span class=\"elementor-screen-only\">Facebook<\/span>\n\t\t\t\t\t\t<svg aria-hidden=\"true\" class=\"e-font-icon-svg e-fab-facebook\" viewBox=\"0 0 512 512\" xmlns=\"http:\/\/www.w3.org\/2000\/svg\"><path d=\"M504 256C504 119 393 8 256 8S8 119 8 256c0 123.78 90.69 226.38 209.25 245V327.69h-63V256h63v-54.64c0-62.15 37-96.48 93.67-96.48 27.14 0 55.52 4.84 55.52 4.84v61h-31.28c-30.8 0-40.41 19.12-40.41 38.73V256h68.78l-11 71.69h-57.78V501C413.31 482.38 504 379.78 504 256z\"><\/path><\/svg>\t\t\t\t\t<\/a>\n\t\t\t\t<\/span>\n\t\t\t\t\t\t\t<span class=\"elementor-grid-item\" role=\"listitem\">\n\t\t\t\t\t<a class=\"elementor-icon elementor-social-icon elementor-social-icon-instagram elementor-repeater-item-2e5313f\" target=\"_blank\">\n\t\t\t\t\t\t<span class=\"elementor-screen-only\">Instagram<\/span>\n\t\t\t\t\t\t<svg aria-hidden=\"true\" class=\"e-font-icon-svg e-fab-instagram\" viewBox=\"0 0 448 512\" xmlns=\"http:\/\/www.w3.org\/2000\/svg\"><path d=\"M224.1 141c-63.6 0-114.9 51.3-114.9 114.9s51.3 114.9 114.9 114.9S339 319.5 339 255.9 287.7 141 224.1 141zm0 189.6c-41.1 0-74.7-33.5-74.7-74.7s33.5-74.7 74.7-74.7 74.7 33.5 74.7 74.7-33.6 74.7-74.7 74.7zm146.4-194.3c0 14.9-12 26.8-26.8 26.8-14.9 0-26.8-12-26.8-26.8s12-26.8 26.8-26.8 26.8 12 26.8 26.8zm76.1 27.2c-1.7-35.9-9.9-67.7-36.2-93.9-26.2-26.2-58-34.4-93.9-36.2-37-2.1-147.9-2.1-184.9 0-35.8 1.7-67.6 9.9-93.9 36.1s-34.4 58-36.2 93.9c-2.1 37-2.1 147.9 0 184.9 1.7 35.9 9.9 67.7 36.2 93.9s58 34.4 93.9 36.2c37 2.1 147.9 2.1 184.9 0 35.9-1.7 67.7-9.9 93.9-36.2 26.2-26.2 34.4-58 36.2-93.9 2.1-37 2.1-147.8 0-184.8zM398.8 388c-7.8 19.6-22.9 34.7-42.6 42.6-29.5 11.7-99.5 9-132.1 9s-102.7 2.6-132.1-9c-19.6-7.8-34.7-22.9-42.6-42.6-11.7-29.5-9-99.5-9-132.1s-2.6-102.7 9-132.1c7.8-19.6 22.9-34.7 42.6-42.6 29.5-11.7 99.5-9 132.1-9s102.7-2.6 132.1 9c19.6 7.8 34.7 22.9 42.6 42.6 11.7 29.5 9 99.5 9 132.1s2.7 102.7-9 132.1z\"><\/path><\/svg>\t\t\t\t\t<\/a>\n\t\t\t\t<\/span>\n\t\t\t\t\t<\/div>\n\t\t\t\t\t\t<\/div>\n\t\t\t\t<\/div>\n\t\t\t\t<div class=\"elementor-element elementor-element-1e90108 elementor-align-right elementor-widget elementor-widget-button\" data-id=\"1e90108\" data-element_type=\"widget\" data-widget_type=\"button.default\">\n\t\t\t\t<div class=\"elementor-widget-container\">\n\t\t\t\t\t\t\t\t\t<div class=\"elementor-button-wrapper\">\n\t\t\t\t\t<a class=\"elementor-button elementor-button-link elementor-size-sm\" href=\"#\">\n\t\t\t\t\t\t<span class=\"elementor-button-content-wrapper\">\n\t\t\t\t\t\t\t\t\t<span class=\"elementor-button-text\">H\u00c3Y L\u00c0 NG\u01af\u1edcI \u0110\u1ea6U TI\u00caN TH\u01af\u1edeNG TH\u1ee8C!<\/span>\n\t\t\t\t\t<\/span>\n\t\t\t\t\t<\/a>\n\t\t\t\t<\/div>\n\t\t\t\t\t\t\t\t<\/div>\n\t\t\t\t<\/div>\n\t\t\t\t<\/div>\n\t\t\t\t<\/div>\n\t\t\t\t\t<\/div>\n\t\t\t\t<\/div>\n\t\t\t\t<\/div>\n\t\t","protected":false},"excerpt":{"rendered":"<p>FOOD BEVERAGE SERVICE Syrup C\u00e0 ph\u00ea h\u00f2a tan Tr\u00e0 s\u1eefa h\u00f2a tan I am tab #1 content. Click edit button to change this text. One morning,<span class=\"excerpt-hellip\"> [\u2026]<\/span><\/p>\n","protected":false},"author":1,"featured_media":0,"parent":0,"menu_order":0,"comment_status":"closed","ping_status":"closed","template":"","meta":{"footnotes":""},"class_list":["post-768","page","type-page","status-publish","hentry"],"_links":{"self":[{"href":"https:\/\/demo.dnation.vn\/index.php\/wp-json\/wp\/v2\/pages\/768","targetHints":{"allow":["GET"]}}],"collection":[{"href":"https:\/\/demo.dnation.vn\/index.php\/wp-json\/wp\/v2\/pages"}],"about":[{"href":"https:\/\/demo.dnation.vn\/index.php\/wp-json\/wp\/v2\/types\/page"}],"author":[{"embeddable":true,"href":"https:\/\/demo.dnation.vn\/index.php\/wp-json\/wp\/v2\/users\/1"}],"replies":[{"embeddable":true,"href":"https:\/\/demo.dnation.vn\/index.php\/wp-json\/wp\/v2\/comments?post=768"}],"version-history":[{"count":28,"href":"https:\/\/demo.dnation.vn\/index.php\/wp-json\/wp\/v2\/pages\/768\/revisions"}],"predecessor-version":[{"id":893,"href":"https:\/\/demo.dnation.vn\/index.php\/wp-json\/wp\/v2\/pages\/768\/revisions\/893"}],"wp:attachment":[{"href":"https:\/\/demo.dnation.vn\/index.php\/wp-json\/wp\/v2\/media?parent=768"}],"curies":[{"name":"wp","href":"https:\/\/api.w.org\/{rel}","templated":true}]}}