{"id":612,"date":"2024-12-02T05:09:43","date_gmt":"2024-12-02T05:09:43","guid":{"rendered":"https:\/\/demo.dnation.vn\/?page_id=612"},"modified":"2025-02-19T09:10:29","modified_gmt":"2025-02-19T09:10:29","slug":"innovation-adv","status":"publish","type":"page","link":"https:\/\/demo.dnation.vn\/index.php\/innovation-adv\/","title":{"rendered":"Innovation Adv"},"content":{"rendered":"\t\t<div data-elementor-type=\"wp-page\" data-elementor-id=\"612\" class=\"elementor elementor-612\" data-elementor-settings=\"{&quot;element_pack_global_tooltip_width&quot;:{&quot;unit&quot;:&quot;px&quot;,&quot;size&quot;:&quot;&quot;,&quot;sizes&quot;:[]},&quot;element_pack_global_tooltip_width_tablet&quot;:{&quot;unit&quot;:&quot;px&quot;,&quot;size&quot;:&quot;&quot;,&quot;sizes&quot;:[]},&quot;element_pack_global_tooltip_width_mobile&quot;:{&quot;unit&quot;:&quot;px&quot;,&quot;size&quot;:&quot;&quot;,&quot;sizes&quot;:[]},&quot;element_pack_global_tooltip_padding&quot;:{&quot;unit&quot;:&quot;px&quot;,&quot;top&quot;:&quot;&quot;,&quot;right&quot;:&quot;&quot;,&quot;bottom&quot;:&quot;&quot;,&quot;left&quot;:&quot;&quot;,&quot;isLinked&quot;:true},&quot;element_pack_global_tooltip_padding_tablet&quot;:{&quot;unit&quot;:&quot;px&quot;,&quot;top&quot;:&quot;&quot;,&quot;right&quot;:&quot;&quot;,&quot;bottom&quot;:&quot;&quot;,&quot;left&quot;:&quot;&quot;,&quot;isLinked&quot;:true},&quot;element_pack_global_tooltip_padding_mobile&quot;:{&quot;unit&quot;:&quot;px&quot;,&quot;top&quot;:&quot;&quot;,&quot;right&quot;:&quot;&quot;,&quot;bottom&quot;:&quot;&quot;,&quot;left&quot;:&quot;&quot;,&quot;isLinked&quot;:true},&quot;element_pack_global_tooltip_border_radius&quot;:{&quot;unit&quot;:&quot;px&quot;,&quot;top&quot;:&quot;&quot;,&quot;right&quot;:&quot;&quot;,&quot;bottom&quot;:&quot;&quot;,&quot;left&quot;:&quot;&quot;,&quot;isLinked&quot;:true},&quot;element_pack_global_tooltip_border_radius_tablet&quot;:{&quot;unit&quot;:&quot;px&quot;,&quot;top&quot;:&quot;&quot;,&quot;right&quot;:&quot;&quot;,&quot;bottom&quot;:&quot;&quot;,&quot;left&quot;:&quot;&quot;,&quot;isLinked&quot;:true},&quot;element_pack_global_tooltip_border_radius_mobile&quot;:{&quot;unit&quot;:&quot;px&quot;,&quot;top&quot;:&quot;&quot;,&quot;right&quot;:&quot;&quot;,&quot;bottom&quot;:&quot;&quot;,&quot;left&quot;:&quot;&quot;,&quot;isLinked&quot;:true}}\" data-elementor-post-type=\"page\">\n\t\t\t\t<div class=\"elementor-element elementor-element-41be3cb e-flex e-con-boxed magic-button-disabled-no e-con e-parent\" data-id=\"41be3cb\" data-element_type=\"container\">\n\t\t\t\t\t<div class=\"e-con-inner\">\n\t\t\t\t<div class=\"elementor-element elementor-element-38300ab elementor-headline--style-rotate elementor-widget elementor-widget-animated-headline\" data-id=\"38300ab\" data-element_type=\"widget\" data-settings=\"{&quot;headline_style&quot;:&quot;rotate&quot;,&quot;rotating_text&quot;:&quot;dream it web can do it&quot;,&quot;animation_type&quot;:&quot;typing&quot;,&quot;loop&quot;:&quot;yes&quot;,&quot;rotate_iteration_delay&quot;:2500}\" data-widget_type=\"animated-headline.default\">\n\t\t\t\t<div class=\"elementor-widget-container\">\n\t\t\t\t\t\t\t<h3 class=\"elementor-headline elementor-headline-animation-type-typing elementor-headline-letters\">\n\t\t\t\t\t<span class=\"elementor-headline-plain-text elementor-headline-text-wrapper\">If you can<\/span>\n\t\t\t\t<span class=\"elementor-headline-dynamic-wrapper elementor-headline-text-wrapper\">\n\t\t\t\t\t<span class=\"elementor-headline-dynamic-text elementor-headline-text-active\">\n\t\t\t\tdream&nbsp;it&nbsp;web&nbsp;can&nbsp;do&nbsp;it\t\t\t<\/span>\n\t\t\t\t\t\t<\/span>\n\t\t\t\t<\/h3>\n\t\t\t\t\t\t<\/div>\n\t\t\t\t<\/div>\n\t\t\t\t\t<\/div>\n\t\t\t\t<\/div>\n\t\t<div class=\"elementor-element elementor-element-fd2c466 e-flex e-con-boxed magic-button-disabled-no e-con e-parent\" data-id=\"fd2c466\" data-element_type=\"container\">\n\t\t\t\t\t<div class=\"e-con-inner\">\n\t\t<div class=\"elementor-element elementor-element-4144ce7 e-con-full e-flex magic-button-disabled-no e-con e-child\" data-id=\"4144ce7\" data-element_type=\"container\">\n\t\t\t\t<div class=\"elementor-element elementor-element-cf2cda2 elementor-widget elementor-widget-spacer\" data-id=\"cf2cda2\" data-element_type=\"widget\" data-widget_type=\"spacer.default\">\n\t\t\t\t<div class=\"elementor-widget-container\">\n\t\t\t\t\t\t\t<div class=\"elementor-spacer\">\n\t\t\t<div class=\"elementor-spacer-inner\"><\/div>\n\t\t<\/div>\n\t\t\t\t\t\t<\/div>\n\t\t\t\t<\/div>\n\t\t\t\t<div class=\"elementor-element elementor-element-78d2e59 elementor-position-top elementor-widget elementor-widget-image-box\" data-id=\"78d2e59\" data-element_type=\"widget\" data-widget_type=\"image-box.default\">\n\t\t\t\t<div class=\"elementor-widget-container\">\n\t\t\t\t\t<div class=\"elementor-image-box-wrapper\"><figure class=\"elementor-image-box-img\"><img fetchpriority=\"high\" decoding=\"async\" width=\"1366\" height=\"768\" src=\"https:\/\/demo.dnation.vn\/wp-content\/uploads\/2025\/02\/12.svg\" class=\"attachment-full size-full wp-image-855\" alt=\"\" \/><\/figure><div class=\"elementor-image-box-content\"><h3 class=\"elementor-image-box-title\">AIRCRAFT BODY <br> ADVERTISING<\/h3><p class=\"elementor-image-box-description\">H\u00ecnh \u1ea3nh th\u01b0\u01a1ng hi\u1ec7u bay xa c\u00f9ng\nh\u00e0ng tri\u1ec7u h\u00e0nh kh\u00e1ch, xu\u1ea5t hi\u1ec7n\nngay t\u1ea1i s\u00e2n bay \u2013 n\u01a1i t\u1eadp trung gi\u1edbi\ndoanh nh\u00e2n, kh\u00e1ch du l\u1ecbch cao c\u1ea5p.<\/p><\/div><\/div>\t\t\t\t<\/div>\n\t\t\t\t<\/div>\n\t\t\t\t<\/div>\n\t\t<div class=\"elementor-element elementor-element-410e3ab e-con-full e-flex magic-button-disabled-no e-con e-child\" data-id=\"410e3ab\" data-element_type=\"container\">\n\t\t\t\t<div class=\"elementor-element elementor-element-facce81 elementor-position-top elementor-widget elementor-widget-image-box\" data-id=\"facce81\" data-element_type=\"widget\" data-widget_type=\"image-box.default\">\n\t\t\t\t<div class=\"elementor-widget-container\">\n\t\t\t\t\t<div class=\"elementor-image-box-wrapper\"><figure class=\"elementor-image-box-img\"><img decoding=\"async\" width=\"1366\" height=\"768\" src=\"https:\/\/demo.dnation.vn\/wp-content\/uploads\/2025\/02\/13.svg\" class=\"attachment-full size-full wp-image-856\" alt=\"\" \/><\/figure><div class=\"elementor-image-box-content\"><h3 class=\"elementor-image-box-title\">BILLBOARD<\/h3><p class=\"elementor-image-box-description\">Di\u1ec7n t\u00edch kh\u1ee7ng, th\u00f4ng \u0111i\u1ec7p r\u00f5 r\u00e0ng,\nth\u1ed1ng l\u0129nh m\u1ecdi cung \u0111\u01b0\u1eddng huy\u1ebft\nm\u1ea1ch. Hi\u1ec7n di\u1ec7n ho\u00e0nh tr\u00e1ng, kh\u1eafc\ns\u00e2u v\u00e0o t\u00e2m tr\u00ed ng\u01b0\u1eddi qua l\u1ea1i.<\/p><\/div><\/div>\t\t\t\t<\/div>\n\t\t\t\t<\/div>\n\t\t\t\t<\/div>\n\t\t<div class=\"elementor-element elementor-element-66e17fd e-con-full e-flex magic-button-disabled-no e-con e-child\" data-id=\"66e17fd\" data-element_type=\"container\">\n\t\t\t\t<div class=\"elementor-element elementor-element-7e8eb43 elementor-widget elementor-widget-spacer\" data-id=\"7e8eb43\" data-element_type=\"widget\" data-widget_type=\"spacer.default\">\n\t\t\t\t<div class=\"elementor-widget-container\">\n\t\t\t\t\t\t\t<div class=\"elementor-spacer\">\n\t\t\t<div class=\"elementor-spacer-inner\"><\/div>\n\t\t<\/div>\n\t\t\t\t\t\t<\/div>\n\t\t\t\t<\/div>\n\t\t\t\t<div class=\"elementor-element elementor-element-93e7cf9 elementor-position-top elementor-widget elementor-widget-image-box\" data-id=\"93e7cf9\" data-element_type=\"widget\" data-widget_type=\"image-box.default\">\n\t\t\t\t<div class=\"elementor-widget-container\">\n\t\t\t\t\t<div class=\"elementor-image-box-wrapper\"><figure class=\"elementor-image-box-img\"><img decoding=\"async\" width=\"1366\" height=\"768\" src=\"https:\/\/demo.dnation.vn\/wp-content\/uploads\/2025\/02\/14.svg\" class=\"attachment-full size-full wp-image-857\" alt=\"\" \/><\/figure><div class=\"elementor-image-box-content\"><h3 class=\"elementor-image-box-title\">BUS ADVERTISING<\/h3><p class=\"elementor-image-box-description\">Di chuy\u1ec3n kh\u00f4ng ng\u1eebng, \u0111\u01b0a th\u01b0\u01a1ng\nhi\u1ec7u len l\u1ecfi v\u00e0o t\u1eebng g\u00f3c ph\u1ed1. M\u1ed7i\nchuy\u1ebfn xe l\u00e0 m\u1ed9t chi\u1ebfn d\u1ecbch truy\u1ec1n\nth\u00f4ng s\u1ed1ng \u0111\u1ed9ng, ti\u1ebfp c\u1eadn h\u00e0ng\ntr\u0103m ngh\u00ecn l\u01b0\u1ee3t ng\u01b0\u1eddi m\u1ed7i ng\u00e0y.<\/p><\/div><\/div>\t\t\t\t<\/div>\n\t\t\t\t<\/div>\n\t\t\t\t<\/div>\n\t\t<div class=\"elementor-element elementor-element-f397b9a e-con-full e-flex magic-button-disabled-no e-con e-child\" data-id=\"f397b9a\" data-element_type=\"container\">\n\t\t\t\t<div class=\"elementor-element elementor-element-5b6e20a elementor-widget elementor-widget-spacer\" data-id=\"5b6e20a\" data-element_type=\"widget\" data-widget_type=\"spacer.default\">\n\t\t\t\t<div class=\"elementor-widget-container\">\n\t\t\t\t\t\t\t<div class=\"elementor-spacer\">\n\t\t\t<div class=\"elementor-spacer-inner\"><\/div>\n\t\t<\/div>\n\t\t\t\t\t\t<\/div>\n\t\t\t\t<\/div>\n\t\t\t\t<div class=\"elementor-element elementor-element-d364755 elementor-position-top elementor-widget elementor-widget-image-box\" data-id=\"d364755\" data-element_type=\"widget\" data-widget_type=\"image-box.default\">\n\t\t\t\t<div class=\"elementor-widget-container\">\n\t\t\t\t\t<div class=\"elementor-image-box-wrapper\"><figure class=\"elementor-image-box-img\"><img loading=\"lazy\" decoding=\"async\" width=\"1366\" height=\"768\" src=\"https:\/\/demo.dnation.vn\/wp-content\/uploads\/2025\/02\/17.svg\" class=\"attachment-full size-full wp-image-859\" alt=\"\" \/><\/figure><div class=\"elementor-image-box-content\"><h3 class=\"elementor-image-box-title\">LIGHTBOX ADVERTISING<\/h3><p class=\"elementor-image-box-description\">H\u00ecnh \u1ea3nh lung linh, s\u1eafc n\u00e9t, r\u1ef1c r\u1ee1\nsu\u1ed1t 24\/7. \u0110\u1eb7t t\u1ea1i nh\u1eefng v\u1ecb tr\u00ed \u0111\u1eafc\n\u0111\u1ecba, d\u1ec5 d\u00e0ng thu h\u00fat kh\u00e1ch h\u00e0ng\ngi\u1eefa d\u00f2ng ng\u01b0\u1eddi t\u1ea5p n\u1eadp.<\/p><\/div><\/div>\t\t\t\t<\/div>\n\t\t\t\t<\/div>\n\t\t\t\t<\/div>\n\t\t<div class=\"elementor-element elementor-element-129fd94 e-con-full e-flex magic-button-disabled-no e-con e-child\" data-id=\"129fd94\" data-element_type=\"container\">\n\t\t\t\t<div class=\"elementor-element elementor-element-db7e356 elementor-position-top elementor-widget elementor-widget-image-box\" data-id=\"db7e356\" data-element_type=\"widget\" data-widget_type=\"image-box.default\">\n\t\t\t\t<div class=\"elementor-widget-container\">\n\t\t\t\t\t<div class=\"elementor-image-box-wrapper\"><figure class=\"elementor-image-box-img\"><img loading=\"lazy\" decoding=\"async\" width=\"1366\" height=\"768\" src=\"https:\/\/demo.dnation.vn\/wp-content\/uploads\/2025\/02\/inovation-ADV.png\" class=\"attachment-full size-full wp-image-916\" alt=\"\" srcset=\"https:\/\/demo.dnation.vn\/wp-content\/uploads\/2025\/02\/inovation-ADV.png 1366w, https:\/\/demo.dnation.vn\/wp-content\/uploads\/2025\/02\/inovation-ADV-500x281.png 500w, https:\/\/demo.dnation.vn\/wp-content\/uploads\/2025\/02\/inovation-ADV-1200x675.png 1200w, https:\/\/demo.dnation.vn\/wp-content\/uploads\/2025\/02\/inovation-ADV-300x169.png 300w, https:\/\/demo.dnation.vn\/wp-content\/uploads\/2025\/02\/inovation-ADV-768x432.png 768w, https:\/\/demo.dnation.vn\/wp-content\/uploads\/2025\/02\/inovation-ADV-133x75.png 133w, https:\/\/demo.dnation.vn\/wp-content\/uploads\/2025\/02\/inovation-ADV-480x270.png 480w\" sizes=\"(max-width:767px) 480px, (max-width:1366px) 100vw, 1366px\" \/><\/figure><div class=\"elementor-image-box-content\"><h3 class=\"elementor-image-box-title\">LED SCREEN<\/h3><p class=\"elementor-image-box-description\">H\u00ecnh \u1ea3nh s\u1ed1ng \u0111\u1ed9ng, hi\u1ec7u \u1ee9ng\nchuy\u1ec3n \u0111\u1ed9ng m\u1ea1nh m\u1ebd, thu h\u00fat m\u1ecdi\n\u00e1nh nh\u00ecn c\u1ea3 ng\u00e0y l\u1eabn \u0111\u00eam. \u0110\u1ecbnh v\u1ecb\nth\u01b0\u01a1ng hi\u1ec7u \u1edf nh\u1eefng v\u1ecb tr\u00ed v\u00e0ng,\nngay trung t\u00e2m \u0111\u00f4 th\u1ecb \u0111\u00f4ng \u0111\u00fac.<\/p><\/div><\/div>\t\t\t\t<\/div>\n\t\t\t\t<\/div>\n\t\t\t\t<\/div>\n\t\t<div class=\"elementor-element elementor-element-f64ad90 e-con-full e-flex magic-button-disabled-no e-con e-child\" data-id=\"f64ad90\" data-element_type=\"container\">\n\t\t\t\t<div class=\"elementor-element elementor-element-8b868cf elementor-widget elementor-widget-spacer\" data-id=\"8b868cf\" data-element_type=\"widget\" data-widget_type=\"spacer.default\">\n\t\t\t\t<div class=\"elementor-widget-container\">\n\t\t\t\t\t\t\t<div class=\"elementor-spacer\">\n\t\t\t<div class=\"elementor-spacer-inner\"><\/div>\n\t\t<\/div>\n\t\t\t\t\t\t<\/div>\n\t\t\t\t<\/div>\n\t\t\t\t<div class=\"elementor-element elementor-element-c517c51 elementor-position-top elementor-widget elementor-widget-image-box\" data-id=\"c517c51\" data-element_type=\"widget\" data-widget_type=\"image-box.default\">\n\t\t\t\t<div class=\"elementor-widget-container\">\n\t\t\t\t\t<div class=\"elementor-image-box-wrapper\"><figure class=\"elementor-image-box-img\"><img loading=\"lazy\" decoding=\"async\" width=\"1366\" height=\"768\" src=\"https:\/\/demo.dnation.vn\/wp-content\/uploads\/2025\/02\/16.svg\" class=\"attachment-full size-full wp-image-858\" alt=\"\" \/><\/figure><div class=\"elementor-image-box-content\"><h3 class=\"elementor-image-box-title\">METRO ADVERTISING<\/h3><p class=\"elementor-image-box-description\">Ti\u1ebfp c\u1eadn h\u00e0ng tr\u0103m ngh\u00ecn l\u01b0\u1ee3t ng\u01b0\u1eddi\nm\u1ed7i ng\u00e0y t\u1ea1i c\u00e1c nh\u00e0 ga tr\u1ecdng \u0111i\u1ec3m.\nKh\u00f4ng gian kh\u00e9p k\u00edn, th\u1eddi gian ti\u1ebfp\nx\u00fac d\u00e0i, t\u00e1c \u0111\u1ed9ng m\u1ea1nh \u0111\u1ebfn kh\u00e1ch\nh\u00e0ng m\u1ee5c ti\u00eau.<\/p><\/div><\/div>\t\t\t\t<\/div>\n\t\t\t\t<\/div>\n\t\t\t\t<\/div>\n\t\t\t\t\t<\/div>\n\t\t\t\t<\/div>\n\t\t\t\t<\/div>\n\t\t","protected":false},"excerpt":{"rendered":"<p>If you can dream&nbsp;it&nbsp;web&nbsp;can&nbsp;do&nbsp;it AIRCRAFT BODY ADVERTISING H\u00ecnh \u1ea3nh th\u01b0\u01a1ng hi\u1ec7u bay xa c\u00f9ng h\u00e0ng tri\u1ec7u h\u00e0nh kh\u00e1ch, xu\u1ea5t hi\u1ec7n ngay t\u1ea1i s\u00e2n bay \u2013 n\u01a1i<span class=\"excerpt-hellip\"> [\u2026]<\/span><\/p>\n","protected":false},"author":1,"featured_media":0,"parent":0,"menu_order":0,"comment_status":"closed","ping_status":"closed","template":"elementor_header_footer","meta":{"footnotes":""},"class_list":["post-612","page","type-page","status-publish","hentry"],"_links":{"self":[{"href":"https:\/\/demo.dnation.vn\/index.php\/wp-json\/wp\/v2\/pages\/612","targetHints":{"allow":["GET"]}}],"collection":[{"href":"https:\/\/demo.dnation.vn\/index.php\/wp-json\/wp\/v2\/pages"}],"about":[{"href":"https:\/\/demo.dnation.vn\/index.php\/wp-json\/wp\/v2\/types\/page"}],"author":[{"embeddable":true,"href":"https:\/\/demo.dnation.vn\/index.php\/wp-json\/wp\/v2\/users\/1"}],"replies":[{"embeddable":true,"href":"https:\/\/demo.dnation.vn\/index.php\/wp-json\/wp\/v2\/comments?post=612"}],"version-history":[{"count":22,"href":"https:\/\/demo.dnation.vn\/index.php\/wp-json\/wp\/v2\/pages\/612\/revisions"}],"predecessor-version":[{"id":919,"href":"https:\/\/demo.dnation.vn\/index.php\/wp-json\/wp\/v2\/pages\/612\/revisions\/919"}],"wp:attachment":[{"href":"https:\/\/demo.dnation.vn\/index.php\/wp-json\/wp\/v2\/media?parent=612"}],"curies":[{"name":"wp","href":"https:\/\/api.w.org\/{rel}","templated":true}]}}