{"id":48,"date":"2020-08-13T08:45:42","date_gmt":"2020-08-13T08:45:42","guid":{"rendered":"https:\/\/themes.muffingroup.com\/be\/creative4\/?page_id=48"},"modified":"2025-02-19T09:08:38","modified_gmt":"2025-02-19T09:08:38","slug":"about-us","status":"publish","type":"page","link":"https:\/\/demo.dnation.vn\/index.php\/about-us\/","title":{"rendered":"ABOUT US"},"content":{"rendered":"\t\t<div data-elementor-type=\"wp-page\" data-elementor-id=\"48\" class=\"elementor elementor-48\" data-elementor-settings=\"{&quot;element_pack_global_tooltip_width&quot;:{&quot;unit&quot;:&quot;px&quot;,&quot;size&quot;:&quot;&quot;,&quot;sizes&quot;:[]},&quot;element_pack_global_tooltip_width_tablet&quot;:{&quot;unit&quot;:&quot;px&quot;,&quot;size&quot;:&quot;&quot;,&quot;sizes&quot;:[]},&quot;element_pack_global_tooltip_width_mobile&quot;:{&quot;unit&quot;:&quot;px&quot;,&quot;size&quot;:&quot;&quot;,&quot;sizes&quot;:[]},&quot;element_pack_global_tooltip_padding&quot;:{&quot;unit&quot;:&quot;px&quot;,&quot;top&quot;:&quot;&quot;,&quot;right&quot;:&quot;&quot;,&quot;bottom&quot;:&quot;&quot;,&quot;left&quot;:&quot;&quot;,&quot;isLinked&quot;:true},&quot;element_pack_global_tooltip_padding_tablet&quot;:{&quot;unit&quot;:&quot;px&quot;,&quot;top&quot;:&quot;&quot;,&quot;right&quot;:&quot;&quot;,&quot;bottom&quot;:&quot;&quot;,&quot;left&quot;:&quot;&quot;,&quot;isLinked&quot;:true},&quot;element_pack_global_tooltip_padding_mobile&quot;:{&quot;unit&quot;:&quot;px&quot;,&quot;top&quot;:&quot;&quot;,&quot;right&quot;:&quot;&quot;,&quot;bottom&quot;:&quot;&quot;,&quot;left&quot;:&quot;&quot;,&quot;isLinked&quot;:true},&quot;element_pack_global_tooltip_border_radius&quot;:{&quot;unit&quot;:&quot;px&quot;,&quot;top&quot;:&quot;&quot;,&quot;right&quot;:&quot;&quot;,&quot;bottom&quot;:&quot;&quot;,&quot;left&quot;:&quot;&quot;,&quot;isLinked&quot;:true},&quot;element_pack_global_tooltip_border_radius_tablet&quot;:{&quot;unit&quot;:&quot;px&quot;,&quot;top&quot;:&quot;&quot;,&quot;right&quot;:&quot;&quot;,&quot;bottom&quot;:&quot;&quot;,&quot;left&quot;:&quot;&quot;,&quot;isLinked&quot;:true},&quot;element_pack_global_tooltip_border_radius_mobile&quot;:{&quot;unit&quot;:&quot;px&quot;,&quot;top&quot;:&quot;&quot;,&quot;right&quot;:&quot;&quot;,&quot;bottom&quot;:&quot;&quot;,&quot;left&quot;:&quot;&quot;,&quot;isLinked&quot;:true}}\" data-elementor-post-type=\"page\">\n\t\t\t\t\t\t<section class=\"elementor-section elementor-top-section elementor-element elementor-element-219b3d3 elementor-section-boxed elementor-section-height-default elementor-section-height-default magic-button-disabled-no\" data-id=\"219b3d3\" data-element_type=\"section\" data-settings=\"{&quot;background_background&quot;:&quot;classic&quot;}\">\n\t\t\t\t\t\t<div class=\"elementor-container elementor-column-gap-default\">\n\t\t\t\t\t<div class=\"elementor-column elementor-col-100 elementor-top-column elementor-element elementor-element-ec41ed1\" data-id=\"ec41ed1\" data-element_type=\"column\">\n\t\t\t<div class=\"elementor-widget-wrap\">\n\t\t\t\t\t\t\t<\/div>\n\t\t<\/div>\n\t\t\t\t\t<\/div>\n\t\t<\/section>\n\t\t<div class=\"elementor-element elementor-element-2717848 e-flex e-con-boxed magic-button-disabled-no e-con e-parent\" data-id=\"2717848\" data-element_type=\"container\">\n\t\t\t\t\t<div class=\"e-con-inner\">\n\t\t<div class=\"elementor-element elementor-element-e9223b2 e-con-full e-flex magic-button-disabled-no e-con e-child\" data-id=\"e9223b2\" data-element_type=\"container\">\n\t\t\t\t<div class=\"elementor-element elementor-element-6143ccc elementor-widget elementor-widget-heading\" data-id=\"6143ccc\" data-element_type=\"widget\" data-widget_type=\"heading.default\">\n\t\t\t\t<div class=\"elementor-widget-container\">\n\t\t\t\t\t<h2 class=\"elementor-heading-title elementor-size-default\">LEADERSHIP<\/h2>\t\t\t\t<\/div>\n\t\t\t\t<\/div>\n\t\t\t\t<\/div>\n\t\t<div class=\"elementor-element elementor-element-2198487 e-con-full e-flex magic-button-disabled-no e-con e-child\" data-id=\"2198487\" data-element_type=\"container\">\n\t\t\t\t<div class=\"elementor-element elementor-element-4778394 elementor-widget-divider--view-line elementor-widget elementor-widget-divider\" data-id=\"4778394\" data-element_type=\"widget\" data-widget_type=\"divider.default\">\n\t\t\t\t<div class=\"elementor-widget-container\">\n\t\t\t\t\t\t\t<div class=\"elementor-divider\">\n\t\t\t<span class=\"elementor-divider-separator\">\n\t\t\t\t\t\t<\/span>\n\t\t<\/div>\n\t\t\t\t\t\t<\/div>\n\t\t\t\t<\/div>\n\t\t\t\t<\/div>\n\t\t\t\t\t<\/div>\n\t\t\t\t<\/div>\n\t\t<div class=\"elementor-element elementor-element-6cb2264 e-flex e-con-boxed magic-button-disabled-no e-con e-parent\" data-id=\"6cb2264\" data-element_type=\"container\">\n\t\t\t\t\t<div class=\"e-con-inner\">\n\t\t<div class=\"elementor-element elementor-element-1c1ae5f e-grid e-con-full magic-button-disabled-no e-con e-child\" data-id=\"1c1ae5f\" data-element_type=\"container\">\n\t\t\t\t<div class=\"elementor-element elementor-element-84b3101 elementor-widget elementor-widget-testimonial\" data-id=\"84b3101\" data-element_type=\"widget\" data-widget_type=\"testimonial.default\">\n\t\t\t\t<div class=\"elementor-widget-container\">\n\t\t\t\t\t\t\t<div class=\"elementor-testimonial-wrapper\">\n\t\t\t\n\t\t\t\t\t\t<div class=\"elementor-testimonial-meta elementor-has-image elementor-testimonial-image-position-top\">\n\t\t\t\t<div class=\"elementor-testimonial-meta-inner\">\n\t\t\t\t\t\t\t\t\t\t\t<div class=\"elementor-testimonial-image\">\n\t\t\t\t\t\t\t<img fetchpriority=\"high\" decoding=\"async\" width=\"300\" height=\"300\" src=\"https:\/\/demo.dnation.vn\/wp-content\/uploads\/2025\/02\/6-e1739591572460.png\" class=\"attachment-full size-full wp-image-820\" alt=\"\" srcset=\"https:\/\/demo.dnation.vn\/wp-content\/uploads\/2025\/02\/6-e1739591572460.png 300w, https:\/\/demo.dnation.vn\/wp-content\/uploads\/2025\/02\/6-e1739591572460-150x150.png 150w, https:\/\/demo.dnation.vn\/wp-content\/uploads\/2025\/02\/6-e1739591572460-75x75.png 75w\" sizes=\"(max-width:767px) 300px, 300px\" \/>\t\t\t\t\t\t<\/div>\n\t\t\t\t\t\n\t\t\t\t\t\t\t\t\t\t<div class=\"elementor-testimonial-details\">\n\t\t\t\t\t\t\t\t\t\t\t\t\t\t<div class=\"elementor-testimonial-name\">MR . JOHNNY PH\u1ea0M\u200c<\/div>\n\t\t\t\t\t\t\t\t\t\t\t\t\t\t\t\t\t\t\t\t\t\t<div class=\"elementor-testimonial-job\">CEO<\/div>\n\t\t\t\t\t\t\t\t\t\t\t\t\t<\/div>\n\t\t\t\t\t\t\t\t\t<\/div>\n\t\t\t<\/div>\n\t\t\t\t\t<\/div>\n\t\t\t\t\t\t<\/div>\n\t\t\t\t<\/div>\n\t\t\t\t<div class=\"elementor-element elementor-element-93d4bb1 elementor-widget elementor-widget-testimonial\" data-id=\"93d4bb1\" data-element_type=\"widget\" data-widget_type=\"testimonial.default\">\n\t\t\t\t<div class=\"elementor-widget-container\">\n\t\t\t\t\t\t\t<div class=\"elementor-testimonial-wrapper\">\n\t\t\t\n\t\t\t\t\t\t<div class=\"elementor-testimonial-meta elementor-has-image elementor-testimonial-image-position-top\">\n\t\t\t\t<div class=\"elementor-testimonial-meta-inner\">\n\t\t\t\t\t\t\t\t\t\t\t<div class=\"elementor-testimonial-image\">\n\t\t\t\t\t\t\t<img fetchpriority=\"high\" decoding=\"async\" width=\"300\" height=\"300\" src=\"https:\/\/demo.dnation.vn\/wp-content\/uploads\/2025\/02\/6-e1739591572460.png\" class=\"attachment-full size-full wp-image-820\" alt=\"\" srcset=\"https:\/\/demo.dnation.vn\/wp-content\/uploads\/2025\/02\/6-e1739591572460.png 300w, https:\/\/demo.dnation.vn\/wp-content\/uploads\/2025\/02\/6-e1739591572460-150x150.png 150w, https:\/\/demo.dnation.vn\/wp-content\/uploads\/2025\/02\/6-e1739591572460-75x75.png 75w\" sizes=\"(max-width:767px) 300px, 300px\" \/>\t\t\t\t\t\t<\/div>\n\t\t\t\t\t\n\t\t\t\t\t\t\t\t\t\t<div class=\"elementor-testimonial-details\">\n\t\t\t\t\t\t\t\t\t\t\t\t\t\t<div class=\"elementor-testimonial-name\">MR . JOHNNY PH\u1ea0M\u200c<\/div>\n\t\t\t\t\t\t\t\t\t\t\t\t\t\t\t\t\t\t\t\t\t\t<div class=\"elementor-testimonial-job\">CEO<\/div>\n\t\t\t\t\t\t\t\t\t\t\t\t\t<\/div>\n\t\t\t\t\t\t\t\t\t<\/div>\n\t\t\t<\/div>\n\t\t\t\t\t<\/div>\n\t\t\t\t\t\t<\/div>\n\t\t\t\t<\/div>\n\t\t\t\t<div class=\"elementor-element elementor-element-c00683f elementor-widget elementor-widget-testimonial\" data-id=\"c00683f\" data-element_type=\"widget\" data-widget_type=\"testimonial.default\">\n\t\t\t\t<div class=\"elementor-widget-container\">\n\t\t\t\t\t\t\t<div class=\"elementor-testimonial-wrapper\">\n\t\t\t\n\t\t\t\t\t\t<div class=\"elementor-testimonial-meta elementor-has-image elementor-testimonial-image-position-top\">\n\t\t\t\t<div class=\"elementor-testimonial-meta-inner\">\n\t\t\t\t\t\t\t\t\t\t\t<div class=\"elementor-testimonial-image\">\n\t\t\t\t\t\t\t<img decoding=\"async\" width=\"300\" height=\"300\" src=\"https:\/\/demo.dnation.vn\/wp-content\/uploads\/2025\/02\/Marcus-Bui-e1739591352803.png\" class=\"attachment-full size-full wp-image-821\" alt=\"\" srcset=\"https:\/\/demo.dnation.vn\/wp-content\/uploads\/2025\/02\/Marcus-Bui-e1739591352803.png 300w, https:\/\/demo.dnation.vn\/wp-content\/uploads\/2025\/02\/Marcus-Bui-e1739591352803-150x150.png 150w, https:\/\/demo.dnation.vn\/wp-content\/uploads\/2025\/02\/Marcus-Bui-e1739591352803-75x75.png 75w\" sizes=\"(max-width:767px) 300px, 300px\" \/>\t\t\t\t\t\t<\/div>\n\t\t\t\t\t\n\t\t\t\t\t\t\t\t\t\t<div class=\"elementor-testimonial-details\">\n\t\t\t\t\t\t\t\t\t\t\t\t\t\t<div class=\"elementor-testimonial-name\">MR . MARCUS B \u00d9 I\u200c<\/div>\n\t\t\t\t\t\t\t\t\t\t\t\t\t\t\t\t\t\t\t\t\t\t<div class=\"elementor-testimonial-job\">CHAIRMAN<\/div>\n\t\t\t\t\t\t\t\t\t\t\t\t\t<\/div>\n\t\t\t\t\t\t\t\t\t<\/div>\n\t\t\t<\/div>\n\t\t\t\t\t<\/div>\n\t\t\t\t\t\t<\/div>\n\t\t\t\t<\/div>\n\t\t\t\t<div class=\"elementor-element elementor-element-627ca30 elementor-widget elementor-widget-testimonial\" data-id=\"627ca30\" data-element_type=\"widget\" data-widget_type=\"testimonial.default\">\n\t\t\t\t<div class=\"elementor-widget-container\">\n\t\t\t\t\t\t\t<div class=\"elementor-testimonial-wrapper\">\n\t\t\t\n\t\t\t\t\t\t<div class=\"elementor-testimonial-meta elementor-has-image elementor-testimonial-image-position-top\">\n\t\t\t\t<div class=\"elementor-testimonial-meta-inner\">\n\t\t\t\t\t\t\t\t\t\t\t<div class=\"elementor-testimonial-image\">\n\t\t\t\t\t\t\t<img decoding=\"async\" width=\"1920\" height=\"2560\" src=\"https:\/\/demo.dnation.vn\/wp-content\/uploads\/2025\/02\/z6249278841848_d8b525ef3c5fb6d8d581323571e684b0.jpg\" class=\"attachment-full size-full wp-image-823\" alt=\"\" srcset=\"https:\/\/demo.dnation.vn\/wp-content\/uploads\/2025\/02\/z6249278841848_d8b525ef3c5fb6d8d581323571e684b0.jpg 1920w, https:\/\/demo.dnation.vn\/wp-content\/uploads\/2025\/02\/z6249278841848_d8b525ef3c5fb6d8d581323571e684b0-375x500.jpg 375w, https:\/\/demo.dnation.vn\/wp-content\/uploads\/2025\/02\/z6249278841848_d8b525ef3c5fb6d8d581323571e684b0-900x1200.jpg 900w, https:\/\/demo.dnation.vn\/wp-content\/uploads\/2025\/02\/z6249278841848_d8b525ef3c5fb6d8d581323571e684b0-225x300.jpg 225w, https:\/\/demo.dnation.vn\/wp-content\/uploads\/2025\/02\/z6249278841848_d8b525ef3c5fb6d8d581323571e684b0-768x1024.jpg 768w, https:\/\/demo.dnation.vn\/wp-content\/uploads\/2025\/02\/z6249278841848_d8b525ef3c5fb6d8d581323571e684b0-1152x1536.jpg 1152w, https:\/\/demo.dnation.vn\/wp-content\/uploads\/2025\/02\/z6249278841848_d8b525ef3c5fb6d8d581323571e684b0-1536x2048.jpg 1536w, https:\/\/demo.dnation.vn\/wp-content\/uploads\/2025\/02\/z6249278841848_d8b525ef3c5fb6d8d581323571e684b0-56x75.jpg 56w, https:\/\/demo.dnation.vn\/wp-content\/uploads\/2025\/02\/z6249278841848_d8b525ef3c5fb6d8d581323571e684b0-480x640.jpg 480w\" sizes=\"(max-width:767px) 480px, (max-width:1920px) 100vw, 1920px\" \/>\t\t\t\t\t\t<\/div>\n\t\t\t\t\t\n\t\t\t\t\t\t\t\t\t\t<div class=\"elementor-testimonial-details\">\n\t\t\t\t\t\t\t\t\t\t\t\t\t\t<div class=\"elementor-testimonial-name\">MR.QU\u1ed0C TRUNG\u200c<\/div>\n\t\t\t\t\t\t\t\t\t\t\t\t\t\t\t\t\t\t\t\t\t\t<div class=\"elementor-testimonial-job\">COO<\/div>\n\t\t\t\t\t\t\t\t\t\t\t\t\t<\/div>\n\t\t\t\t\t\t\t\t\t<\/div>\n\t\t\t<\/div>\n\t\t\t\t\t<\/div>\n\t\t\t\t\t\t<\/div>\n\t\t\t\t<\/div>\n\t\t\t\t<div class=\"elementor-element elementor-element-cc6951f elementor-widget elementor-widget-testimonial\" data-id=\"cc6951f\" data-element_type=\"widget\" data-widget_type=\"testimonial.default\">\n\t\t\t\t<div class=\"elementor-widget-container\">\n\t\t\t\t\t\t\t<div class=\"elementor-testimonial-wrapper\">\n\t\t\t\n\t\t\t\t\t\t<div class=\"elementor-testimonial-meta elementor-has-image elementor-testimonial-image-position-top\">\n\t\t\t\t<div class=\"elementor-testimonial-meta-inner\">\n\t\t\t\t\t\t\t\t\t\t\t<div class=\"elementor-testimonial-image\">\n\t\t\t\t\t\t\t<img loading=\"lazy\" decoding=\"async\" width=\"300\" height=\"300\" src=\"https:\/\/demo.dnation.vn\/wp-content\/uploads\/2025\/02\/Nguyen-Le-Van-300x450-1-e1739955588443.png\" class=\"attachment-full size-full wp-image-822\" alt=\"\" srcset=\"https:\/\/demo.dnation.vn\/wp-content\/uploads\/2025\/02\/Nguyen-Le-Van-300x450-1-e1739955588443.png 300w, https:\/\/demo.dnation.vn\/wp-content\/uploads\/2025\/02\/Nguyen-Le-Van-300x450-1-e1739955588443-150x150.png 150w, https:\/\/demo.dnation.vn\/wp-content\/uploads\/2025\/02\/Nguyen-Le-Van-300x450-1-e1739955588443-75x75.png 75w\" sizes=\"(max-width:767px) 300px, 300px\" \/>\t\t\t\t\t\t<\/div>\n\t\t\t\t\t\n\t\t\t\t\t\t\t\t\t\t<div class=\"elementor-testimonial-details\">\n\t\t\t\t\t\t\t\t\t\t\t\t\t\t<div class=\"elementor-testimonial-name\">MR.LEON NGUY\u1ec4N\u200c<\/div>\n\t\t\t\t\t\t\t\t\t\t\t\t\t\t\t\t\t\t\t\t\t\t<div class=\"elementor-testimonial-job\">DIRECTER OF SALES\u200c<\/div>\n\t\t\t\t\t\t\t\t\t\t\t\t\t<\/div>\n\t\t\t\t\t\t\t\t\t<\/div>\n\t\t\t<\/div>\n\t\t\t\t\t<\/div>\n\t\t\t\t\t\t<\/div>\n\t\t\t\t<\/div>\n\t\t\t\t<\/div>\n\t\t\t\t\t<\/div>\n\t\t\t\t<\/div>\n\t\t<div class=\"elementor-element elementor-element-b308dab e-flex e-con-boxed magic-button-disabled-no e-con e-parent\" data-id=\"b308dab\" data-element_type=\"container\">\n\t\t\t\t\t<div class=\"e-con-inner\">\n\t\t<div class=\"elementor-element elementor-element-065d64f e-con-full e-flex magic-button-disabled-no e-con e-child\" data-id=\"065d64f\" data-element_type=\"container\">\n\t\t\t\t<div class=\"elementor-element elementor-element-4763abc elementor-widget-divider--view-line elementor-widget elementor-widget-divider\" data-id=\"4763abc\" data-element_type=\"widget\" data-widget_type=\"divider.default\">\n\t\t\t\t<div class=\"elementor-widget-container\">\n\t\t\t\t\t\t\t<div class=\"elementor-divider\">\n\t\t\t<span class=\"elementor-divider-separator\">\n\t\t\t\t\t\t<\/span>\n\t\t<\/div>\n\t\t\t\t\t\t<\/div>\n\t\t\t\t<\/div>\n\t\t\t\t<\/div>\n\t\t<div class=\"elementor-element elementor-element-d89ad41 e-con-full e-flex magic-button-disabled-no e-con e-child\" data-id=\"d89ad41\" data-element_type=\"container\">\n\t\t\t\t<div class=\"elementor-element elementor-element-a09d059 elementor-widget elementor-widget-heading\" data-id=\"a09d059\" data-element_type=\"widget\" data-widget_type=\"heading.default\">\n\t\t\t\t<div class=\"elementor-widget-container\">\n\t\t\t\t\t<h2 class=\"elementor-heading-title elementor-size-default\">OUR VALUE<\/h2>\t\t\t\t<\/div>\n\t\t\t\t<\/div>\n\t\t\t\t<\/div>\n\t\t\t\t\t<\/div>\n\t\t\t\t<\/div>\n\t\t<div class=\"elementor-element elementor-element-f8da7b3 e-flex e-con-boxed magic-button-disabled-no e-con e-parent\" data-id=\"f8da7b3\" data-element_type=\"container\">\n\t\t\t\t\t<div class=\"e-con-inner\">\n\t\t\t\t<div class=\"elementor-element elementor-element-a75dae6 elementor-widget__width-inherit elementor-hidden-desktop elementor-hidden-tablet elementor-hidden-mobile elementor-widget elementor-widget-mfn_timeline\" data-id=\"a75dae6\" data-element_type=\"widget\" data-widget_type=\"mfn_timeline.default\">\n\t\t\t\t<div class=\"elementor-widget-container\">\n\t\t\t\t\t<ul class=\"timeline_items\"><li><h3><span>WE\u200c DISCIPLINE\u200c<\/span>K\u1ef6 LU\u1eacT\u200c<\/h3><div class=\"desc\"><p class=\"p1\">Ch\u00fa ng t\u00f4 i cam k\u1ebft l\u00e0m vi\u1ec7c<\/p><p class=\"p1\">v\u1edb i m\u1ed9 t tinh th\u1ea7n nghi\u00eam t\u00fac<\/p><p class=\"p1\">v\u00e0 nh\u1ea5t qu\u00e1n, t\u1eeb vi\u1ec7c th\u1ef1c<\/p><p class=\"p1\">hi\u1ec7n c\u00e1c c\u00f4 ng vi\u1ec7c h\u00e0ng ng\u00e0y<\/p><p class=\"p1\">\u0111\u1ebfn c\u00e1c d\u1ef1 \u00e1n d\u00e0i h\u1ea1n.<\/p><\/div><\/li><li><h3><span>WE\u200c DEDICATION\u200c <\/span>C\u1ed0NG HI\u1ebeN<\/h3><div class=\"desc\"><p class=\"p1\">Ch\u00fang t\u00f4i hi\u1ec3u r\u1eb1ng th\u00e0nh<\/p><p class=\"p1\">c\u00f4ng kh\u00f4ng \u0111\u1ebfn t\u1eeb nh\u1eefng n\u1ed7<\/p><p class=\"p1\">l\u1ef1c t\u1ea1m th\u1eddi, m\u00e0 t\u1eeb s\u1ef1 c\u1ed1ng<\/p><p class=\"p1\">hi\u1ebfn l\u00e2u d\u00e0i v\u00e0 b\u1ec1n b\u1ec9.<\/p><\/div><\/li><li><h3><span>WE\u200c DURABILITY\u200c <\/span>B\u1ec0N B\u1ec8\u200c<\/h3><div class=\"desc\"><p class=\"p1\">Ch\u00fa ng t\u00f4 i lu\u00f4 n ch\u00fa tr\u1ecd ng \u0111\u1ebfn<\/p><p class=\"p1\">vi\u1ec7c x\u00e2y d\u1ef1 ng m\u1ed9 t n\u1ec1n t\u1ea3ng<\/p><p class=\"p1\">v\u1eef ng ch\u1eafc, kh\u00f4 ng ch\u1ec9 \u0111\u1ec3 \u0111\u1ea1 t<\/p><p class=\"p1\">\u0111\u01b0\u1ee3 c th\u00e0nh c\u00f4 ng ng\u1eafn h\u1ea1 n<\/p><p class=\"p1\">m\u00e0 c\u00f2 n \u0111\u1ec3 ph\u00e1t tri\u1ec3n l\u00e2u d\u00e0i.<\/p><\/div><\/li><li><h3><span>WEB DIRECTION\u200c<\/span>\u0110\u1ecaNH H\u01af\u1edaNG<\/h3><div class=\"desc\"><p class=\"p1\">Cung c\u1ea5p l\u1ed9 tr\u00ecnh r\u00f5 r\u00e0ng \u0111\u1ec3<\/p><p class=\"p1\">\u0111i \u0111\u00fa ng h\u01b0\u1edb ng trong h\u00e0nh<\/p><p class=\"p1\">tr\u00ecnh \u0111\u1ebfn th\u00e0nh c\u00f4 ng.<\/p><\/div><\/li><li><h3><span>W E\u200c D E T E R M I N AT I O N\u200c<\/span>Q U Y \u1ebe T T\u00c2 M\u200c<\/h3><div class=\"desc\"><p class=\"p1\">Ch\u00fa ng t\u00f4 i lu\u00f4 n ch\u00fa tr\u1ecd ng \u0111\u1ebfn<\/p><p class=\"p1\">vi\u1ec7c x\u00e2y d\u1ef1 ng m\u1ed9 t n\u1ec1n t\u1ea3ng<\/p><p class=\"p1\">v\u1eef ng ch\u1eafc, kh\u00f4 ng ch\u1ec9 \u0111\u1ec3 \u0111\u1ea1 t<\/p><p class=\"p1\">\u0111\u01b0\u1ee3 c th\u00e0nh c\u00f4 ng ng\u1eafn h\u1ea1 n<\/p><p class=\"p1\">m\u00e0 c\u00f2 n \u0111\u1ec3 ph\u00e1t tri\u1ec3n l\u00e2u d\u00e0i.<\/p><\/div><\/li><li><h3><span>WE\u200c DICISIVENESS\u200c<\/span>Q U Y \u1ebe T \u0110 O \u00c1 N\u200c<\/h3><div class=\"desc\"><p class=\"p1\">Kh\u1ea3 n\u0103ng \u0111\u01b0a ra quy\u1ebft \u0111\u1ecbnh<\/p><p class=\"p1\">nhanh ch\u00f3 ng v\u00e0 ch\u00ednh x\u00e1c \u0111\u1ec3<\/p><p class=\"p1\">duy tr\u00ec ti\u1ebfn \u0111\u1ed9 .<\/p><\/div><\/li><\/ul>\n\t\t\t\t<\/div>\n\t\t\t\t<\/div>\n\t\t\t\t<div class=\"elementor-element elementor-element-ea51a9e elementor-widget elementor-widget-image\" data-id=\"ea51a9e\" data-element_type=\"widget\" data-widget_type=\"image.default\">\n\t\t\t\t<div class=\"elementor-widget-container\">\n\t\t\t\t\t\t\t\t\t\t\t\t\t\t\t<img loading=\"lazy\" decoding=\"async\" width=\"1200\" height=\"551\" src=\"https:\/\/demo.dnation.vn\/wp-content\/uploads\/2025\/02\/Screenshot-2025-02-19-at-16.07.28-1200x551.png\" class=\"attachment-large size-large wp-image-909\" alt=\"\" srcset=\"https:\/\/demo.dnation.vn\/wp-content\/uploads\/2025\/02\/Screenshot-2025-02-19-at-16.07.28-1200x551.png 1200w, https:\/\/demo.dnation.vn\/wp-content\/uploads\/2025\/02\/Screenshot-2025-02-19-at-16.07.28-500x230.png 500w, https:\/\/demo.dnation.vn\/wp-content\/uploads\/2025\/02\/Screenshot-2025-02-19-at-16.07.28-300x138.png 300w, https:\/\/demo.dnation.vn\/wp-content\/uploads\/2025\/02\/Screenshot-2025-02-19-at-16.07.28-768x353.png 768w, https:\/\/demo.dnation.vn\/wp-content\/uploads\/2025\/02\/Screenshot-2025-02-19-at-16.07.28-1536x705.png 1536w, https:\/\/demo.dnation.vn\/wp-content\/uploads\/2025\/02\/Screenshot-2025-02-19-at-16.07.28-2048x940.png 2048w, https:\/\/demo.dnation.vn\/wp-content\/uploads\/2025\/02\/Screenshot-2025-02-19-at-16.07.28-150x69.png 150w, https:\/\/demo.dnation.vn\/wp-content\/uploads\/2025\/02\/Screenshot-2025-02-19-at-16.07.28-480x220.png 480w\" sizes=\"(max-width:767px) 480px, (max-width:1200px) 100vw, 1200px\" \/>\t\t\t\t\t\t\t\t\t\t\t\t\t\t\t<\/div>\n\t\t\t\t<\/div>\n\t\t\t\t\t<\/div>\n\t\t\t\t<\/div>\n\t\t<div class=\"elementor-element elementor-element-dfd2d84 e-con-full e-flex magic-button-disabled-no e-con e-parent\" data-id=\"dfd2d84\" data-element_type=\"container\">\n\t\t\t\t<div class=\"elementor-element elementor-element-780d940 elementor-widget elementor-widget-image\" data-id=\"780d940\" data-element_type=\"widget\" data-widget_type=\"image.default\">\n\t\t\t\t<div class=\"elementor-widget-container\">\n\t\t\t\t\t\t\t\t\t\t\t\t\t\t\t<img loading=\"lazy\" decoding=\"async\" width=\"1200\" height=\"675\" src=\"https:\/\/demo.dnation.vn\/wp-content\/uploads\/2025\/02\/21-1200x675.png\" class=\"attachment-large size-large wp-image-803\" alt=\"\" srcset=\"https:\/\/demo.dnation.vn\/wp-content\/uploads\/2025\/02\/21-1200x675.png 1200w, https:\/\/demo.dnation.vn\/wp-content\/uploads\/2025\/02\/21-500x281.png 500w, https:\/\/demo.dnation.vn\/wp-content\/uploads\/2025\/02\/21-300x169.png 300w, https:\/\/demo.dnation.vn\/wp-content\/uploads\/2025\/02\/21-768x432.png 768w, https:\/\/demo.dnation.vn\/wp-content\/uploads\/2025\/02\/21-1536x864.png 1536w, https:\/\/demo.dnation.vn\/wp-content\/uploads\/2025\/02\/21-133x75.png 133w, https:\/\/demo.dnation.vn\/wp-content\/uploads\/2025\/02\/21-480x270.png 480w, https:\/\/demo.dnation.vn\/wp-content\/uploads\/2025\/02\/21.png 1920w\" sizes=\"(max-width:767px) 480px, (max-width:1200px) 100vw, 1200px\" \/>\t\t\t\t\t\t\t\t\t\t\t\t\t\t\t<\/div>\n\t\t\t\t<\/div>\n\t\t\t\t<\/div>\n\t\t\t\t<\/div>\n\t\t","protected":false},"excerpt":{"rendered":"<p>LEADERSHIP MR . JOHNNY PH\u1ea0M\u200c CEO MR . JOHNNY PH\u1ea0M\u200c CEO MR . MARCUS B \u00d9 I\u200c CHAIRMAN MR.QU\u1ed0C TRUNG\u200c COO MR.LEON NGUY\u1ec4N\u200c DIRECTER OF SALES\u200c<span class=\"excerpt-hellip\"> [\u2026]<\/span><\/p>\n","protected":false},"author":1,"featured_media":0,"parent":0,"menu_order":0,"comment_status":"open","ping_status":"closed","template":"","meta":{"footnotes":""},"class_list":["post-48","page","type-page","status-publish","hentry"],"_links":{"self":[{"href":"https:\/\/demo.dnation.vn\/index.php\/wp-json\/wp\/v2\/pages\/48","targetHints":{"allow":["GET"]}}],"collection":[{"href":"https:\/\/demo.dnation.vn\/index.php\/wp-json\/wp\/v2\/pages"}],"about":[{"href":"https:\/\/demo.dnation.vn\/index.php\/wp-json\/wp\/v2\/types\/page"}],"author":[{"embeddable":true,"href":"https:\/\/demo.dnation.vn\/index.php\/wp-json\/wp\/v2\/users\/1"}],"replies":[{"embeddable":true,"href":"https:\/\/demo.dnation.vn\/index.php\/wp-json\/wp\/v2\/comments?post=48"}],"version-history":[{"count":51,"href":"https:\/\/demo.dnation.vn\/index.php\/wp-json\/wp\/v2\/pages\/48\/revisions"}],"predecessor-version":[{"id":915,"href":"https:\/\/demo.dnation.vn\/index.php\/wp-json\/wp\/v2\/pages\/48\/revisions\/915"}],"wp:attachment":[{"href":"https:\/\/demo.dnation.vn\/index.php\/wp-json\/wp\/v2\/media?parent=48"}],"curies":[{"name":"wp","href":"https:\/\/api.w.org\/{rel}","templated":true}]}}