{"id":43,"date":"2020-08-13T08:44:29","date_gmt":"2020-08-13T08:44:29","guid":{"rendered":"https:\/\/themes.muffingroup.com\/be\/creative4\/?page_id=43"},"modified":"2024-12-03T07:40:50","modified_gmt":"2024-12-03T07:40:50","slug":"selected-works","status":"publish","type":"page","link":"https:\/\/demo.dnation.vn\/index.php\/selected-works\/","title":{"rendered":"SELECTED WORKS"},"content":{"rendered":"\t\t<div data-elementor-type=\"wp-page\" data-elementor-id=\"43\" class=\"elementor elementor-43\" data-elementor-settings=\"{&quot;element_pack_global_tooltip_width&quot;:{&quot;unit&quot;:&quot;px&quot;,&quot;size&quot;:&quot;&quot;,&quot;sizes&quot;:[]},&quot;element_pack_global_tooltip_width_tablet&quot;:{&quot;unit&quot;:&quot;px&quot;,&quot;size&quot;:&quot;&quot;,&quot;sizes&quot;:[]},&quot;element_pack_global_tooltip_width_mobile&quot;:{&quot;unit&quot;:&quot;px&quot;,&quot;size&quot;:&quot;&quot;,&quot;sizes&quot;:[]},&quot;element_pack_global_tooltip_padding&quot;:{&quot;unit&quot;:&quot;px&quot;,&quot;top&quot;:&quot;&quot;,&quot;right&quot;:&quot;&quot;,&quot;bottom&quot;:&quot;&quot;,&quot;left&quot;:&quot;&quot;,&quot;isLinked&quot;:true},&quot;element_pack_global_tooltip_padding_tablet&quot;:{&quot;unit&quot;:&quot;px&quot;,&quot;top&quot;:&quot;&quot;,&quot;right&quot;:&quot;&quot;,&quot;bottom&quot;:&quot;&quot;,&quot;left&quot;:&quot;&quot;,&quot;isLinked&quot;:true},&quot;element_pack_global_tooltip_padding_mobile&quot;:{&quot;unit&quot;:&quot;px&quot;,&quot;top&quot;:&quot;&quot;,&quot;right&quot;:&quot;&quot;,&quot;bottom&quot;:&quot;&quot;,&quot;left&quot;:&quot;&quot;,&quot;isLinked&quot;:true},&quot;element_pack_global_tooltip_border_radius&quot;:{&quot;unit&quot;:&quot;px&quot;,&quot;top&quot;:&quot;&quot;,&quot;right&quot;:&quot;&quot;,&quot;bottom&quot;:&quot;&quot;,&quot;left&quot;:&quot;&quot;,&quot;isLinked&quot;:true},&quot;element_pack_global_tooltip_border_radius_tablet&quot;:{&quot;unit&quot;:&quot;px&quot;,&quot;top&quot;:&quot;&quot;,&quot;right&quot;:&quot;&quot;,&quot;bottom&quot;:&quot;&quot;,&quot;left&quot;:&quot;&quot;,&quot;isLinked&quot;:true},&quot;element_pack_global_tooltip_border_radius_mobile&quot;:{&quot;unit&quot;:&quot;px&quot;,&quot;top&quot;:&quot;&quot;,&quot;right&quot;:&quot;&quot;,&quot;bottom&quot;:&quot;&quot;,&quot;left&quot;:&quot;&quot;,&quot;isLinked&quot;:true}}\" data-elementor-post-type=\"page\">\n\t\t\t\t<div class=\"elementor-element elementor-element-1c96aab e-grid e-con-boxed magic-button-disabled-no e-con e-parent\" data-id=\"1c96aab\" data-element_type=\"container\">\n\t\t\t\t\t<div class=\"e-con-inner\">\n\t\t\t\t<div class=\"elementor-element elementor-element-5c9ef7b elementor-flip-box--effect-push elementor-flip-box--direction-up elementor-widget elementor-widget-flip-box\" data-id=\"5c9ef7b\" data-element_type=\"widget\" data-widget_type=\"flip-box.default\">\n\t\t\t\t<div class=\"elementor-widget-container\">\n\t\t\t\t\t\t\t<div class=\"elementor-flip-box\" tabindex=\"0\">\n\t\t\t<div class=\"elementor-flip-box__layer elementor-flip-box__front\">\n\t\t\t\t<div class=\"elementor-flip-box__layer__overlay\">\n\t\t\t\t\t<div class=\"elementor-flip-box__layer__inner\">\n\t\t\t\t\t\t\t\t\t\t\t\t\t<div class=\"elementor-flip-box__image\">\n\t\t\t\t\t\t\t\t<img decoding=\"async\" src=\"https:\/\/demo.dnation.vn\/wp-content\/uploads\/elementor\/thumbs\/z6090300252917_fa045e767246e554699a3c180bf90b4d-removebg-preview-qxy8tgset7fikoqbu43518nzk413al5zckubl85xig.png\" title=\"z6090300252917_fa045e767246e554699a3c180bf90b4d-removebg-preview\" alt=\"z6090300252917_fa045e767246e554699a3c180bf90b4d-removebg-preview\" loading=\"lazy\" \/>\t\t\t\t\t\t\t<\/div>\n\t\t\t\t\t\t\n\t\t\t\t\t\t\t\t\t\t\t\t\t<h3 class=\"elementor-flip-box__layer__title\">\n\t\t\t\t\t\t\t\tPERFECT SYRUP\t\t\t\t\t\t\t<\/h3>\n\t\t\t\t\t\t\n\t\t\t\t\t\t\t\t\t\t\t<\/div>\n\t\t\t\t<\/div>\n\t\t\t<\/div>\n\t\t\t<div class=\"elementor-flip-box__layer elementor-flip-box__back\">\n\t\t\t<div class=\"elementor-flip-box__layer__overlay\">\n\t\t\t\t<div class=\"elementor-flip-box__layer__inner\">\n\t\t\t\t\t\t\t\t\t\t\t<h3 class=\"elementor-flip-box__layer__title\">\n\t\t\t\t\t\t\tPERFECT SYRUP\t\t\t\t\t\t<\/h3>\n\t\t\t\t\t\n\t\t\t\t\t\t\t\t\t\t\t<div class=\"elementor-flip-box__layer__description\">\n\t\t\t\t\t\t\tH\u01b0\u01a1ng v\u1ecb ho\u00e0n h\u1ea3o cho nh\u1eefng kho\u1ea3nh kh\u1eafc \u0111\u00e1ng nh\u1edb c\u1ee7a b\u1ea1n\t\t\t\t\t\t<\/div>\n\t\t\t\t\t\n\t\t\t\t\t\t\t\t\t\t\t<a class=\"elementor-flip-box__button elementor-button elementor-size-xs\">\n\t\t\t\t\t\t\tXem th\u00eam\t\t\t\t\t\t<\/a>\n\t\t\t\t\t\t\t\t<\/div>\n\t\t<\/div>\n\t\t<\/div>\n\t\t<\/div>\n\t\t\t\t\t\t<\/div>\n\t\t\t\t<\/div>\n\t\t\t\t<div class=\"elementor-element elementor-element-85a794a elementor-flip-box--effect-push elementor-flip-box--direction-up elementor-widget elementor-widget-flip-box\" data-id=\"85a794a\" data-element_type=\"widget\" data-widget_type=\"flip-box.default\">\n\t\t\t\t<div class=\"elementor-widget-container\">\n\t\t\t\t\t\t\t<div class=\"elementor-flip-box\" tabindex=\"0\">\n\t\t\t<div class=\"elementor-flip-box__layer elementor-flip-box__front\">\n\t\t\t\t<div class=\"elementor-flip-box__layer__overlay\">\n\t\t\t\t\t<div class=\"elementor-flip-box__layer__inner\">\n\t\t\t\t\t\t\t\t\t\t\t\t\t<div class=\"elementor-flip-box__image\">\n\t\t\t\t\t\t\t\t<img fetchpriority=\"high\" decoding=\"async\" width=\"300\" height=\"175\" src=\"https:\/\/demo.dnation.vn\/wp-content\/uploads\/2024\/12\/z6090300203002_f307c40f32f839b775046bbd547f87af-removebg-preview-300x175.png\" class=\"attachment-thumbnail size-thumbnail wp-image-693\" alt=\"\" srcset=\"https:\/\/demo.dnation.vn\/wp-content\/uploads\/2024\/12\/z6090300203002_f307c40f32f839b775046bbd547f87af-removebg-preview-300x175.png 300w, https:\/\/demo.dnation.vn\/wp-content\/uploads\/2024\/12\/z6090300203002_f307c40f32f839b775046bbd547f87af-removebg-preview-500x291.png 500w, https:\/\/demo.dnation.vn\/wp-content\/uploads\/2024\/12\/z6090300203002_f307c40f32f839b775046bbd547f87af-removebg-preview-129x75.png 129w, https:\/\/demo.dnation.vn\/wp-content\/uploads\/2024\/12\/z6090300203002_f307c40f32f839b775046bbd547f87af-removebg-preview-480x280.png 480w, https:\/\/demo.dnation.vn\/wp-content\/uploads\/2024\/12\/z6090300203002_f307c40f32f839b775046bbd547f87af-removebg-preview.png 654w\" sizes=\"(max-width:767px) 300px, 300px\" \/>\t\t\t\t\t\t\t<\/div>\n\t\t\t\t\t\t\n\t\t\t\t\t\t\t\t\t\t\t\t\t<h3 class=\"elementor-flip-box__layer__title\">\n\t\t\t\t\t\t\t\tINVESTMENT\t\t\t\t\t\t\t<\/h3>\n\t\t\t\t\t\t\n\t\t\t\t\t\t\t\t\t\t\t\t\t<div class=\"elementor-flip-box__layer__description\">\n\t\t\t\t\t\t\t\t\n\t\t\t\t\t\t\t<\/div>\n\t\t\t\t\t\t\t\t\t\t\t<\/div>\n\t\t\t\t<\/div>\n\t\t\t<\/div>\n\t\t\t<div class=\"elementor-flip-box__layer elementor-flip-box__back\">\n\t\t\t<div class=\"elementor-flip-box__layer__overlay\">\n\t\t\t\t<div class=\"elementor-flip-box__layer__inner\">\n\t\t\t\t\t\t\t\t\t\t\t<h3 class=\"elementor-flip-box__layer__title\">\n\t\t\t\t\t\t\tINVESTMENT\t\t\t\t\t\t<\/h3>\n\t\t\t\t\t\n\t\t\t\t\t\t\t\t\t\t\t<div class=\"elementor-flip-box__layer__description\">\n\t\t\t\t\t\t\t\u0110\u1ea7u t\u01b0 l\u00e0 h\u00e0nh tr\u00ecnh x\u00e2y d\u1ef1ng gi\u00e1 tr\u1ecb b\u1ec1n v\u1eefng cho t\u01b0\u01a1ng lai\t\t\t\t\t\t<\/div>\n\t\t\t\t\t\n\t\t\t\t\t\t\t\t\t\t\t<a class=\"elementor-flip-box__button elementor-button elementor-size-xs\">\n\t\t\t\t\t\t\tXem th\u00eam\t\t\t\t\t\t<\/a>\n\t\t\t\t\t\t\t\t<\/div>\n\t\t<\/div>\n\t\t<\/div>\n\t\t<\/div>\n\t\t\t\t\t\t<\/div>\n\t\t\t\t<\/div>\n\t\t\t\t<div class=\"elementor-element elementor-element-c2d0f9f elementor-flip-box--effect-push elementor-flip-box--direction-up elementor-widget elementor-widget-flip-box\" data-id=\"c2d0f9f\" data-element_type=\"widget\" data-widget_type=\"flip-box.default\">\n\t\t\t\t<div class=\"elementor-widget-container\">\n\t\t\t\t\t\t\t<div class=\"elementor-flip-box\" tabindex=\"0\">\n\t\t\t<div class=\"elementor-flip-box__layer elementor-flip-box__front\">\n\t\t\t\t<div class=\"elementor-flip-box__layer__overlay\">\n\t\t\t\t\t<div class=\"elementor-flip-box__layer__inner\">\n\t\t\t\t\t\t\t\t\t\t\t\t\t<div class=\"elementor-flip-box__image\">\n\t\t\t\t\t\t\t\t<img decoding=\"async\" width=\"300\" height=\"286\" src=\"https:\/\/demo.dnation.vn\/wp-content\/uploads\/2024\/12\/z6090300237203_67dec60bbfdea828cb45946738f9d5c2-removebg-preview-300x286.png\" class=\"attachment-thumbnail size-thumbnail wp-image-695\" alt=\"\" srcset=\"https:\/\/demo.dnation.vn\/wp-content\/uploads\/2024\/12\/z6090300237203_67dec60bbfdea828cb45946738f9d5c2-removebg-preview-300x286.png 300w, https:\/\/demo.dnation.vn\/wp-content\/uploads\/2024\/12\/z6090300237203_67dec60bbfdea828cb45946738f9d5c2-removebg-preview-500x477.png 500w, https:\/\/demo.dnation.vn\/wp-content\/uploads\/2024\/12\/z6090300237203_67dec60bbfdea828cb45946738f9d5c2-removebg-preview-79x75.png 79w, https:\/\/demo.dnation.vn\/wp-content\/uploads\/2024\/12\/z6090300237203_67dec60bbfdea828cb45946738f9d5c2-removebg-preview-480x458.png 480w, https:\/\/demo.dnation.vn\/wp-content\/uploads\/2024\/12\/z6090300237203_67dec60bbfdea828cb45946738f9d5c2-removebg-preview.png 511w\" sizes=\"(max-width:767px) 300px, 300px\" \/>\t\t\t\t\t\t\t<\/div>\n\t\t\t\t\t\t\n\t\t\t\t\t\t\t\t\t\t\t\t\t<h3 class=\"elementor-flip-box__layer__title\">\n\t\t\t\t\t\t\t\tDROP - SHIPPING\t\t\t\t\t\t\t<\/h3>\n\t\t\t\t\t\t\n\t\t\t\t\t\t\t\t\t\t\t<\/div>\n\t\t\t\t<\/div>\n\t\t\t<\/div>\n\t\t\t<div class=\"elementor-flip-box__layer elementor-flip-box__back\">\n\t\t\t<div class=\"elementor-flip-box__layer__overlay\">\n\t\t\t\t<div class=\"elementor-flip-box__layer__inner\">\n\t\t\t\t\t\t\t\t\t\t\t<h3 class=\"elementor-flip-box__layer__title\">\n\t\t\t\t\t\t\tDROP - SHIPPING\t\t\t\t\t\t<\/h3>\n\t\t\t\t\t\n\t\t\t\t\t\t\t\t\t\t\t<div class=\"elementor-flip-box__layer__description\">\n\t\t\t\t\t\t\tBi\u00ean gi\u1edbi ch\u1ec9 t\u1ed3n t\u1ea1i tr\u00ean b\u1ea3n \u0111\u1ed3, c\u00f2n c\u01a1 h\u1ed9i th\u00ec v\u00f4 h\u1ea1n tr\u00ean to\u00e0n c\u1ea7u\n\n\t\t\t\t\t\t<\/div>\n\t\t\t\t\t\n\t\t\t\t\t\t\t\t\t\t\t<a class=\"elementor-flip-box__button elementor-button elementor-size-xs\">\n\t\t\t\t\t\t\tXem th\u00eam\t\t\t\t\t\t<\/a>\n\t\t\t\t\t\t\t\t<\/div>\n\t\t<\/div>\n\t\t<\/div>\n\t\t<\/div>\n\t\t\t\t\t\t<\/div>\n\t\t\t\t<\/div>\n\t\t\t\t\t<\/div>\n\t\t\t\t<\/div>\n\t\t<div class=\"elementor-element elementor-element-7eae60c e-grid e-con-boxed magic-button-disabled-no e-con e-parent\" data-id=\"7eae60c\" data-element_type=\"container\">\n\t\t\t\t\t<div class=\"e-con-inner\">\n\t\t\t\t<div class=\"elementor-element elementor-element-fe65782 elementor-flip-box--effect-push elementor-flip-box--direction-up elementor-widget elementor-widget-flip-box\" data-id=\"fe65782\" data-element_type=\"widget\" data-widget_type=\"flip-box.default\">\n\t\t\t\t<div class=\"elementor-widget-container\">\n\t\t\t\t\t\t\t<div class=\"elementor-flip-box\" tabindex=\"0\">\n\t\t\t<div class=\"elementor-flip-box__layer elementor-flip-box__front\">\n\t\t\t\t<div class=\"elementor-flip-box__layer__overlay\">\n\t\t\t\t\t<div class=\"elementor-flip-box__layer__inner\">\n\t\t\t\t\t\t\t\t\t\t\t\t\t<div class=\"elementor-flip-box__image\">\n\t\t\t\t\t\t\t\t<img decoding=\"async\" width=\"300\" height=\"300\" src=\"https:\/\/demo.dnation.vn\/wp-content\/uploads\/2024\/12\/z6090300252918_c0770386bff6f6bd336c49bb318bba82-removebg-preview-300x300.png\" class=\"attachment-thumbnail size-thumbnail wp-image-697\" alt=\"\" srcset=\"https:\/\/demo.dnation.vn\/wp-content\/uploads\/2024\/12\/z6090300252918_c0770386bff6f6bd336c49bb318bba82-removebg-preview-300x300.png 300w, https:\/\/demo.dnation.vn\/wp-content\/uploads\/2024\/12\/z6090300252918_c0770386bff6f6bd336c49bb318bba82-removebg-preview-150x150.png 150w, https:\/\/demo.dnation.vn\/wp-content\/uploads\/2024\/12\/z6090300252918_c0770386bff6f6bd336c49bb318bba82-removebg-preview-75x75.png 75w, https:\/\/demo.dnation.vn\/wp-content\/uploads\/2024\/12\/z6090300252918_c0770386bff6f6bd336c49bb318bba82-removebg-preview-480x481.png 480w, https:\/\/demo.dnation.vn\/wp-content\/uploads\/2024\/12\/z6090300252918_c0770386bff6f6bd336c49bb318bba82-removebg-preview.png 499w\" sizes=\"(max-width:767px) 300px, 300px\" \/>\t\t\t\t\t\t\t<\/div>\n\t\t\t\t\t\t\n\t\t\t\t\t\t\t\t\t\t\t\t\t<h3 class=\"elementor-flip-box__layer__title\">\n\t\t\t\t\t\t\t\tINNOVATION ADVERTISING\t\t\t\t\t\t\t<\/h3>\n\t\t\t\t\t\t\n\t\t\t\t\t\t\t\t\t\t\t\t\t<div class=\"elementor-flip-box__layer__description\">\n\t\t\t\t\t\t\t\tS\u1ee9c m\u1ea1nh truy\u1ec1n th\u00f4ng ch\u00ednh l\u00e0 kh\u1ea3 n\u0103ng k\u1ebft n\u1ed1i con ng\u01b0\u1eddi,\nv\u0103n h\u00f3a v\u00e0 \u00fd t\u01b0\u1edfng\t\t\t\t\t\t\t<\/div>\n\t\t\t\t\t\t\t\t\t\t\t<\/div>\n\t\t\t\t<\/div>\n\t\t\t<\/div>\n\t\t\t<div class=\"elementor-flip-box__layer elementor-flip-box__back\">\n\t\t\t<div class=\"elementor-flip-box__layer__overlay\">\n\t\t\t\t<div class=\"elementor-flip-box__layer__inner\">\n\t\t\t\t\t\t\t\t\t\t\t<h3 class=\"elementor-flip-box__layer__title\">\n\t\t\t\t\t\t\tINNOVATION ADVERTISING\t\t\t\t\t\t<\/h3>\n\t\t\t\t\t\n\t\t\t\t\t\t\t\t\t\t\t<div class=\"elementor-flip-box__layer__description\">\n\t\t\t\t\t\t\tF&B (Syrup, tr\u00e0 v\u00e0 coffee) \u2013 Thay v\u00ec \"Drinks\":\n\nDelectables \u2013 \u0110\u1ed3 \u0103n, th\u1ee9c u\u1ed1ng tinh t\u1ebf, h\u1ea5p d\u1eabn\t\t\t\t\t\t<\/div>\n\t\t\t\t\t\n\t\t\t\t\t\t\t\t\t\t\t<a class=\"elementor-flip-box__button elementor-button elementor-size-xs\">\n\t\t\t\t\t\t\tXem th\u00eam\t\t\t\t\t\t<\/a>\n\t\t\t\t\t\t\t\t<\/div>\n\t\t<\/div>\n\t\t<\/div>\n\t\t<\/div>\n\t\t\t\t\t\t<\/div>\n\t\t\t\t<\/div>\n\t\t\t\t<div class=\"elementor-element elementor-element-46728d0 elementor-flip-box--effect-push elementor-flip-box--direction-up elementor-widget elementor-widget-flip-box\" data-id=\"46728d0\" data-element_type=\"widget\" data-widget_type=\"flip-box.default\">\n\t\t\t\t<div class=\"elementor-widget-container\">\n\t\t\t\t\t\t\t<div class=\"elementor-flip-box\" tabindex=\"0\">\n\t\t\t<div class=\"elementor-flip-box__layer elementor-flip-box__front\">\n\t\t\t\t<div class=\"elementor-flip-box__layer__overlay\">\n\t\t\t\t\t<div class=\"elementor-flip-box__layer__inner\">\n\t\t\t\t\t\t\t\t\t\t\t\t\t<div class=\"elementor-flip-box__image\">\n\t\t\t\t\t\t\t\t<img loading=\"lazy\" decoding=\"async\" width=\"300\" height=\"291\" src=\"https:\/\/demo.dnation.vn\/wp-content\/uploads\/2024\/12\/z6090300218262_d1fcf1f6fec391e4606f7b4916187e5e-removebg-preview-300x291.png\" class=\"attachment-thumbnail size-thumbnail wp-image-694\" alt=\"\" srcset=\"https:\/\/demo.dnation.vn\/wp-content\/uploads\/2024\/12\/z6090300218262_d1fcf1f6fec391e4606f7b4916187e5e-removebg-preview-300x291.png 300w, https:\/\/demo.dnation.vn\/wp-content\/uploads\/2024\/12\/z6090300218262_d1fcf1f6fec391e4606f7b4916187e5e-removebg-preview-500x485.png 500w, https:\/\/demo.dnation.vn\/wp-content\/uploads\/2024\/12\/z6090300218262_d1fcf1f6fec391e4606f7b4916187e5e-removebg-preview-77x75.png 77w, https:\/\/demo.dnation.vn\/wp-content\/uploads\/2024\/12\/z6090300218262_d1fcf1f6fec391e4606f7b4916187e5e-removebg-preview-480x466.png 480w, https:\/\/demo.dnation.vn\/wp-content\/uploads\/2024\/12\/z6090300218262_d1fcf1f6fec391e4606f7b4916187e5e-removebg-preview.png 507w\" sizes=\"(max-width:767px) 300px, 300px\" \/>\t\t\t\t\t\t\t<\/div>\n\t\t\t\t\t\t\n\t\t\t\t\t\t\t\t\t\t\t\t\t<h3 class=\"elementor-flip-box__layer__title\">\n\t\t\t\t\t\t\t\tDISTRIBUTION CHANNEL\t\t\t\t\t\t\t<\/h3>\n\t\t\t\t\t\t\n\t\t\t\t\t\t\t\t\t\t\t<\/div>\n\t\t\t\t<\/div>\n\t\t\t<\/div>\n\t\t\t<div class=\"elementor-flip-box__layer elementor-flip-box__back\">\n\t\t\t<div class=\"elementor-flip-box__layer__overlay\">\n\t\t\t\t<div class=\"elementor-flip-box__layer__inner\">\n\t\t\t\t\t\t\t\t\t\t\t<h3 class=\"elementor-flip-box__layer__title\">\n\t\t\t\t\t\t\tDISTRIBUTION CHANNEL\t\t\t\t\t\t<\/h3>\n\t\t\t\t\t\n\t\t\t\t\t\t\t\t\t\t\t<div class=\"elementor-flip-box__layer__description\">\n\t\t\t\t\t\t\tN\u01a1i kh\u1edfi ngu\u1ed3n h\u00e0nh tr\u00ecnh ho\u00e0n h\u1ea3o t\u1eeb nh\u00e0 s\u1ea3n xu\u1ea5t \u0111\u1ebfn\nng\u01b0\u1eddi ti\u00eau d\u00f9ng\t\t\t\t\t\t<\/div>\n\t\t\t\t\t\n\t\t\t\t\t\t\t\t\t\t\t<a class=\"elementor-flip-box__button elementor-button elementor-size-xs\">\n\t\t\t\t\t\t\tXem th\u00eam\t\t\t\t\t\t<\/a>\n\t\t\t\t\t\t\t\t<\/div>\n\t\t<\/div>\n\t\t<\/div>\n\t\t<\/div>\n\t\t\t\t\t\t<\/div>\n\t\t\t\t<\/div>\n\t\t\t\t\t<\/div>\n\t\t\t\t<\/div>\n\t\t\t\t<\/div>\n\t\t","protected":false},"excerpt":{"rendered":"<p>PERFECT SYRUP PERFECT SYRUP H\u01b0\u01a1ng v\u1ecb ho\u00e0n h\u1ea3o cho nh\u1eefng kho\u1ea3nh kh\u1eafc \u0111\u00e1ng nh\u1edb c\u1ee7a b\u1ea1n Xem th\u00eam INVESTMENT INVESTMENT \u0110\u1ea7u t\u01b0 l\u00e0 h\u00e0nh tr\u00ecnh x\u00e2y<span class=\"excerpt-hellip\"> [\u2026]<\/span><\/p>\n","protected":false},"author":1,"featured_media":0,"parent":0,"menu_order":0,"comment_status":"open","ping_status":"closed","template":"template-portfolio.php","meta":{"footnotes":""},"class_list":["post-43","page","type-page","status-publish","hentry"],"_links":{"self":[{"href":"https:\/\/demo.dnation.vn\/index.php\/wp-json\/wp\/v2\/pages\/43","targetHints":{"allow":["GET"]}}],"collection":[{"href":"https:\/\/demo.dnation.vn\/index.php\/wp-json\/wp\/v2\/pages"}],"about":[{"href":"https:\/\/demo.dnation.vn\/index.php\/wp-json\/wp\/v2\/types\/page"}],"author":[{"embeddable":true,"href":"https:\/\/demo.dnation.vn\/index.php\/wp-json\/wp\/v2\/users\/1"}],"replies":[{"embeddable":true,"href":"https:\/\/demo.dnation.vn\/index.php\/wp-json\/wp\/v2\/comments?post=43"}],"version-history":[{"count":46,"href":"https:\/\/demo.dnation.vn\/index.php\/wp-json\/wp\/v2\/pages\/43\/revisions"}],"predecessor-version":[{"id":733,"href":"https:\/\/demo.dnation.vn\/index.php\/wp-json\/wp\/v2\/pages\/43\/revisions\/733"}],"wp:attachment":[{"href":"https:\/\/demo.dnation.vn\/index.php\/wp-json\/wp\/v2\/media?parent=43"}],"curies":[{"name":"wp","href":"https:\/\/api.w.org\/{rel}","templated":true}]}}